{"id":8,"date":"2019-05-15T08:39:08","date_gmt":"2019-05-15T08:39:08","guid":{"rendered":"http:\/\/www.pannapomodoro.com\/?page_id=8"},"modified":"2023-05-15T13:28:36","modified_gmt":"2023-05-15T13:28:36","slug":"empresa","status":"publish","type":"page","link":"https:\/\/www.pannapomodoro.com\/it\/chi-siamo\/","title":{"rendered":"Panna&#038;Pomodoro"},"content":{"rendered":"<p><img loading=\"lazy\" class=\" wp-image-1126 aligncenter\" src=\"https:\/\/www.pannapomodoro.com\/wp-content\/uploads\/2022\/04\/Mesa-con-pinsas-y-pizza-700x467.jpg\" alt=\"Panna&amp;Pomodoro\" width=\"100%\" height=\"auto\" srcset=\"https:\/\/www.pannapomodoro.com\/wp-content\/uploads\/2022\/04\/Mesa-con-pinsas-y-pizza-700x467.jpg 700w, https:\/\/www.pannapomodoro.com\/wp-content\/uploads\/2022\/04\/Mesa-con-pinsas-y-pizza-250x167.jpg 250w, https:\/\/www.pannapomodoro.com\/wp-content\/uploads\/2022\/04\/Mesa-con-pinsas-y-pizza-768x513.jpg 768w, https:\/\/www.pannapomodoro.com\/wp-content\/uploads\/2022\/04\/Mesa-con-pinsas-y-pizza-1536x1025.jpg 1536w, https:\/\/www.pannapomodoro.com\/wp-content\/uploads\/2022\/04\/Mesa-con-pinsas-y-pizza-2048x1367.jpg 2048w, https:\/\/www.pannapomodoro.com\/wp-content\/uploads\/2022\/04\/Mesa-con-pinsas-y-pizza-120x80.jpg 120w\" sizes=\"(max-width: 700px) 100vw, 700px\" \/><\/p>\n<p><strong>Un po&#8217; di storia&#8230;<\/strong><\/p>\n<p><span style=\"font-weight: 400;\">Si potrebbe dire che Panna &amp; Pomodoro ha iniziato il suo viaggio nel 2005 nell&#8217;isola di Fuerteventura, ma la sua storia risale all&#8217;anno 2000, quando Andrea Polato, il nostro manager, era a capo di un franchising di gelato e pizza che veniva venduto nelle pizzerie annesse al marchio. Nel 2005 Andrea Polato decide di specializzarsi nella base per pizza e porta con s\u00e9 il nome del franchising, che decide di adottarlo per il riconoscimento che gi\u00e0 aveva, lasciando come fatto curioso che la traduzione dell&#8217;italiano &#8220;Panna&#8221; \u00e8 panna, riferito al gelato e \u201cpomodoro\u201d significa pomodoro, riferito alla nostra salsa di pomodoro per le pizze. <\/span><\/p>\n<p><span style=\"font-weight: 400;\">Da allora la nostra fabbrica \u00e8 cresciuta grazie alla calorosa accoglienza ricevuta in tutte le Isole Canarie. Un successo notevole che \u00e8 cresciuto investendo in tecnologie costantemente aggiornate e in termini di qualit\u00e0 umana, dove si ha uno staff di operai e un altro gruppo di personale indiretto che lavora per portare la pizza a tutte le case. <\/span><\/p>\n<p><span style=\"font-weight: 400;\">Siamo una base per pizza il cui impasto contiene ingredienti 100% naturali, proprio come la ricetta della salsa di pomodoro. Non resta che aggiungere gli ingredienti che piacciono di pi\u00f9 al pubblico e fare cos\u00ec la tua pizza, confidando di aver eseguito e controllato ogni fase del processo di cottura.<\/span><\/p>\n<p>Parte di questa naturale evoluzione ci ha portato alla realizzazione di un altro piatto tipico italiano, <a href=\"https:\/\/www.pannapomodoro.com\/it\/iniziazione\/espanol-pinsa-no-es-pizza\/\">La pinsa romana. <\/a>Un prodotto <span style=\"font-weight: 400;\"> che si caratterizza per essere ottenuto da pasta madre con 48 ore di fermentazione. <\/span><span style=\"font-weight: 400;\">La manipolazione artigianale e la precottura con il forno in pietra refrattaria, permette ad ogni unit\u00e0 di prodotto di raggiungere la caratteristica di alveolizzazione interna unica per aroma e consistenza.<\/span><\/p>\n<p><span style=\"font-weight: 400;\">Possiamo ringraziare il pubblico per la fiducia e garantire che da quando siamo nati non abbiamo smesso di lavorare per avere il piacere di incontrarti. Tanto che ora stiamo realizzando il nostro sogno di farci conoscere in tutto il territorio spagnolo.<\/span><\/p>\n<p><em><span style=\"font-weight: 400;\">Sei quello che mangi. Mangia sano, mangia bene. <\/span><\/em><\/p>\n<p><em><span style=\"font-weight: 400;\">Panna &amp; Pomodoro, un capriccio naturale.<\/span><\/em><\/p>\n<p>Leggi <a href=\"https:\/\/www.pannapomodoro.com\/politica-de-calidad-y-seguridad-alimentaria\/\">la Politica della qualit\u00e0 e degli alimenti Sicurezza<\/a>.<\/p>\n<p><iframe loading=\"lazy\" src=\"https:\/\/www.youtube.com\/embed\/36FIFPMLNjk\" width=\"100%\" height=\"315\" frameborder=\"0\" allowfullscreen=\"allowfullscreen\"><\/iframe><\/p>","protected":false},"excerpt":{"rendered":"Un po&#8217; di storia&#8230; Si potrebbe dire che Panna &amp; Pomodoro ha iniziato il suo viaggio nel 2005 nell&#8217;isola di Fuerteventura, ma la sua storia risale all&#8217;anno 2000, quando Andrea Polato, il nostro manager, era a capo di un franchising di gelato e pizza che veniva venduto nelle pizzerie annesse al marchio. Nel 2005 Andrea&#8230; <a class=\"view-article\" href=\"https:\/\/www.pannapomodoro.com\/it\/chi-siamo\/\">Mostra articolo<\/a>","protected":false},"author":1,"featured_media":0,"parent":0,"menu_order":0,"comment_status":"closed","ping_status":"closed","template":"empresa.php","meta":[],"wps_subtitle":"Impasto artigianale per pizze e pinse","_links":{"self":[{"href":"https:\/\/www.pannapomodoro.com\/it\/wp-json\/wp\/v2\/pages\/8"}],"collection":[{"href":"https:\/\/www.pannapomodoro.com\/it\/wp-json\/wp\/v2\/pages"}],"about":[{"href":"https:\/\/www.pannapomodoro.com\/it\/wp-json\/wp\/v2\/types\/page"}],"author":[{"embeddable":true,"href":"https:\/\/www.pannapomodoro.com\/it\/wp-json\/wp\/v2\/users\/1"}],"replies":[{"embeddable":true,"href":"https:\/\/www.pannapomodoro.com\/it\/wp-json\/wp\/v2\/comments?post=8"}],"version-history":[{"count":51,"href":"https:\/\/www.pannapomodoro.com\/it\/wp-json\/wp\/v2\/pages\/8\/revisions"}],"predecessor-version":[{"id":1912,"href":"https:\/\/www.pannapomodoro.com\/it\/wp-json\/wp\/v2\/pages\/8\/revisions\/1912"}],"wp:attachment":[{"href":"https:\/\/www.pannapomodoro.com\/it\/wp-json\/wp\/v2\/media?parent=8"}],"curies":[{"name":"wp","href":"https:\/\/api.w.org\/{rel}","templated":true}]}}