{"id":590,"date":"2021-02-08T13:24:32","date_gmt":"2021-02-08T13:24:32","guid":{"rendered":"https:\/\/www.pannapomodoro.com\/?page_id=590"},"modified":"2023-10-26T10:46:13","modified_gmt":"2023-10-26T10:46:13","slug":"base-pizza-congelada","status":"publish","type":"page","link":"https:\/\/www.pannapomodoro.com\/it\/impasti-per-pizza\/base-pizza-surgelata\/","title":{"rendered":"Base per pizza surgelata"},"content":{"rendered":"<p>La ricetta del nostro impasto artigianale, con la migliore farina e salsa di pomodoro italiana, segue la tradizione della cucina tricolore.<\/p>\n<p>\u00c8 un prodotto ideale per la famiglia, facile da usare, veloce ed economico. Il suo inconfondibile sapore e profumo ti colpiranno al primo morso.<\/p>\n<p>Il prodotto \u00e8 conservato in atmosfera modificata in una confezione da una o due unit\u00e0. Gi\u00e0 disponibile nei migliori negozi di Spagna, \u00e8 ideale per supermercati o negozi di alimentari.<\/p>\n<p><strong>Disponibile in confezioni da 1 e 2 unit\u00e0.<\/strong><\/p>","protected":false},"excerpt":{"rendered":"La ricetta del nostro impasto artigianale, con la migliore farina e salsa di pomodoro italiana, segue la tradizione della cucina tricolore. \u00c8 un prodotto ideale per la famiglia, facile da usare, veloce ed economico. Il suo inconfondibile sapore e profumo ti colpiranno al primo morso. Il prodotto \u00e8 conservato in atmosfera modificata in una confezione&#8230; <a class=\"view-article\" href=\"https:\/\/www.pannapomodoro.com\/it\/impasti-per-pizza\/base-pizza-surgelata\/\">Mostra articolo<\/a>","protected":false},"author":1,"featured_media":1665,"parent":10,"menu_order":0,"comment_status":"closed","ping_status":"closed","template":"product.php","meta":[],"wps_subtitle":"Nuovo formato della tua base pizza preferita","_links":{"self":[{"href":"https:\/\/www.pannapomodoro.com\/it\/wp-json\/wp\/v2\/pages\/590"}],"collection":[{"href":"https:\/\/www.pannapomodoro.com\/it\/wp-json\/wp\/v2\/pages"}],"about":[{"href":"https:\/\/www.pannapomodoro.com\/it\/wp-json\/wp\/v2\/types\/page"}],"author":[{"embeddable":true,"href":"https:\/\/www.pannapomodoro.com\/it\/wp-json\/wp\/v2\/users\/1"}],"replies":[{"embeddable":true,"href":"https:\/\/www.pannapomodoro.com\/it\/wp-json\/wp\/v2\/comments?post=590"}],"version-history":[{"count":12,"href":"https:\/\/www.pannapomodoro.com\/it\/wp-json\/wp\/v2\/pages\/590\/revisions"}],"predecessor-version":[{"id":2113,"href":"https:\/\/www.pannapomodoro.com\/it\/wp-json\/wp\/v2\/pages\/590\/revisions\/2113"}],"up":[{"embeddable":true,"href":"https:\/\/www.pannapomodoro.com\/it\/wp-json\/wp\/v2\/pages\/10"}],"wp:featuredmedia":[{"embeddable":true,"href":"https:\/\/www.pannapomodoro.com\/it\/wp-json\/wp\/v2\/media\/1665"}],"wp:attachment":[{"href":"https:\/\/www.pannapomodoro.com\/it\/wp-json\/wp\/v2\/media?parent=590"}],"curies":[{"name":"wp","href":"https:\/\/api.w.org\/{rel}","templated":true}]}}