{"id":534,"date":"2021-01-13T09:53:03","date_gmt":"2021-01-13T09:53:03","guid":{"rendered":"https:\/\/www.pannapomodoro.com\/?page_id=534"},"modified":"2023-09-04T09:00:14","modified_gmt":"2023-09-04T09:00:14","slug":"politica-de-calidad-y-seguridad-alimentaria","status":"publish","type":"page","link":"https:\/\/www.pannapomodoro.com\/it\/espanol-politica-de-calidad-y-seguridad-alimentaria\/","title":{"rendered":"Politica per la qualit\u00e0 e la sicurezza alimentare"},"content":{"rendered":"<p>PANNA E POMODORO S.L. ha scelto la Qualit\u00e0 come fattore strategico, applicabile in tutto il suo ambito<br \/>\norganizzativo, per rafforzare la propria posizione competitiva garantendo la soddisfazione del cliente, valutando continuamente<br \/>\ne migliorare i processi in relazione alla qualit\u00e0 dei loro prodotti.<\/p>\n<p>L&#8217;impegno che PANNA Y POMODORO S.L. i contratti con la societ\u00e0 si basano sui principi della Qualit\u00e0,<br \/>\nSicurezza, Responsabilit\u00e0, Trasparenza e Sostenibilit\u00e0 dei prodotti che vende. Per ottenere questo<br \/>\nobiettivo prioritario \u00e8 sostenuto da:<\/p>\n<p>1) Assumere la necessit\u00e0 di un miglioramento continuo della qualit\u00e0 e della sicurezza dei nostri prodotti, a<br \/>\nnostri processi e le nostre condizioni di lavoro, raggiungiamo questo obiettivo con un lavoro ben fatto e<br \/>\ngarantire che nessuna attivit\u00e0 venga eseguita senza adeguate misure di sicurezza e igiene.<\/p>\n<p>2) Fare della Qualit\u00e0 e della Sicurezza gli elementi fondanti della cultura aziendale, implicando per questo<br \/>\na tutto il personale interessato. Per fare ci\u00f2, sviluppiamo procedure di comunicazione esterna ed interna<br \/>\nche garantiscono il massimo livello di efficacia nelle comunicazioni.<\/p>\n<p>3) Le persone costituiscono il valore pi\u00f9 importante che garantisce il nostro futuro, quindi uno dei<br \/>\nobiettivi permanenti di PANNA Y POMODORO S.L. \u00e8 garantire la loro sicurezza e salute<br \/>\nmodo che siano la Qualit\u00e0, la Produttivit\u00e0 e la Redditivit\u00e0 delle attivit\u00e0.<\/p>\n<p>4) Ottenere l&#8217;impegno di tutto il personale di PANNA Y POMODORO S.L. sostenere e prendersi cura<br \/>\ni vostri suggerimenti e proposte di miglioramento. Garantiamo che a tutto il nostro personale venga assegnato un elevato livello di<br \/>\nformazione in Sicurezza e Protezione Alimentare, creando cos\u00ec un&#8217;autentica Cultura del<br \/>\nLa sicurezza alimentare<\/p>\n<p>5) Pianificare e sistematizzare la qualit\u00e0 attraverso l&#8217;implementazione degli standard IFS Food PANNA Y<br \/>\nPOMODORO S.L. adotta l\u2019impegno a rispettare i requisiti di sicurezza alimentare<br \/>\napplicabile, compresi i requisiti legali e regolamentari e i requisiti reciprocamente concordati<br \/>\nclienti legati alla sicurezza alimentare.<\/p>\n<p>6) Sviluppare il miglioramento continuo del nostro sistema di gestione della sicurezza alimentare e dei processi<br \/>\ne prodotti, innovando, adattando e promuovendo metodi di lavoro sicuri presso PANNA Y<br \/>\nPOMODORO S.L.<\/p>\n<p>7) Progettare, sviluppare e implementare un sistema di sicurezza nelle nostre strutture che prevenga<br \/>\ncontaminazione intenzionale dei prodotti lavorati (Food Defense) per rispettare la normativa<br \/>\nimpegno acquisito per la sicurezza dei nostri prodotti.<\/p>\n<p>8) Ci impegniamo a conoscere ed aumentare la soddisfazione dei nostri clienti. La piena soddisfazione di<br \/>\nle esigenze dei nostri clienti, con prodotti di qualit\u00e0, competitivi ed efficaci.<\/p>\n<p>9) Ci impegniamo a sviluppare pratiche sostenibili, soddisfacendo le esigenze di<br \/>\ngenerazioni attuali senza compromettere i bisogni delle generazioni future, garantendo a<br \/>\nequilibrio tra crescita economica, rispetto dell\u2019ambiente e benessere sociale.<\/p>\n<p>10) Migliorare continuamente l&#8217;efficacia del sistema di gestione della qualit\u00e0. PANNA E POMODORO S.L. ah<br \/>\nha scelto la Qualit\u00e0 come fattore strategico, applicabile in tutto il proprio ambito organizzativo, a<br \/>\nrafforzare la propria posizione competitiva, valutando e migliorando continuamente i processi in relazione alla<br \/>\nqualit\u00e0 dei loro prodotti.<\/p>\n<p>La Direzione di PANNA Y POMODORO S.L. si assume la responsabilit\u00e0 di vigilare costantemente su quanto affermato<br \/>\nprincipi sono presenti in tutte le attivit\u00e0 interne dell\u2019azienda, cos\u00ec come nei nostri rapporti con<br \/>\nall&#8217;estero: clienti, fornitori e societ\u00e0 in genere e fornire all&#8217;azienda le risorse necessarie<br \/>\nraggiungimento degli obiettivi pianificati e miglioramento continuo della nostra attivit\u00e0.<\/p>\n<p>A Puerto del Rosario, 30 agosto 2023<\/p>\n<p>Signor Andrea Polato<br \/>\nManager<\/p>\n<p><img class=\"size-medium wp-image-564 alignright\" src=\"https:\/\/www.pannapmodoro.com\/wp-content\/uploads\/2021\/01\/Untitled-3-250x123.png\" alt=\"\" \/><\/p>","protected":false},"excerpt":{"rendered":"PANNA E POMODORO S.L. ha scelto la Qualit\u00e0 come fattore strategico, applicabile in tutto il suo ambito organizzativo, per rafforzare la propria posizione competitiva garantendo la soddisfazione del cliente, valutando continuamente e migliorare i processi in relazione alla qualit\u00e0 dei loro prodotti. L&#8217;impegno che PANNA Y POMODORO S.L. i contratti con la societ\u00e0 si basano&#8230; <a class=\"view-article\" href=\"https:\/\/www.pannapomodoro.com\/it\/espanol-politica-de-calidad-y-seguridad-alimentaria\/\">Mostra articolo<\/a>","protected":false},"author":1,"featured_media":0,"parent":0,"menu_order":0,"comment_status":"closed","ping_status":"closed","template":"empresa.php","meta":[],"wps_subtitle":"Il nostro impegno","_links":{"self":[{"href":"https:\/\/www.pannapomodoro.com\/it\/wp-json\/wp\/v2\/pages\/534"}],"collection":[{"href":"https:\/\/www.pannapomodoro.com\/it\/wp-json\/wp\/v2\/pages"}],"about":[{"href":"https:\/\/www.pannapomodoro.com\/it\/wp-json\/wp\/v2\/types\/page"}],"author":[{"embeddable":true,"href":"https:\/\/www.pannapomodoro.com\/it\/wp-json\/wp\/v2\/users\/1"}],"replies":[{"embeddable":true,"href":"https:\/\/www.pannapomodoro.com\/it\/wp-json\/wp\/v2\/comments?post=534"}],"version-history":[{"count":15,"href":"https:\/\/www.pannapomodoro.com\/it\/wp-json\/wp\/v2\/pages\/534\/revisions"}],"predecessor-version":[{"id":2073,"href":"https:\/\/www.pannapomodoro.com\/it\/wp-json\/wp\/v2\/pages\/534\/revisions\/2073"}],"wp:attachment":[{"href":"https:\/\/www.pannapomodoro.com\/it\/wp-json\/wp\/v2\/media?parent=534"}],"curies":[{"name":"wp","href":"https:\/\/api.w.org\/{rel}","templated":true}]}}