{"id":53,"date":"2019-05-16T11:34:40","date_gmt":"2019-05-16T11:34:40","guid":{"rendered":"http:\/\/www.pannapomodoro.com\/?page_id=53"},"modified":"2021-07-16T09:07:49","modified_gmt":"2021-07-16T09:07:49","slug":"aviso-legal","status":"publish","type":"page","link":"https:\/\/www.pannapomodoro.com\/it\/nota-legale\/","title":{"rendered":"Nota Legale"},"content":{"rendered":"<p>\u00c8 vietata la riproduzione totale o parziale su qualsiasi supporto (scritto o elettronico) senza espressa autorizzazione scritta di Panna&amp;Pomodoro S.L. Puoi inviare eventuali domande o richieste di informazioni al nostro indirizzo e-mail: info@pannapomodoro.com<br \/>\nSe lo desideri, puoi creare link dal tuo sito Web all&#8217;indirizzo dell&#8217; homepage di Panna&amp;Pomodoro S.L. senza il previo consenso di Panna&amp;Pomodoro S.L.<br \/>\nI documenti e la relativa grafica pubblicati su questo server potrebbero includere imprecisioni tecniche o errori tipografici. Le informazioni potrebbero essere soggette a modifiche. Panna&amp;Pomodoro S.L. potr\u00e0, in qualsiasi momento, apportare migliorie e\/o modifiche ai prodotti e o servizi qui descritti.<br \/>\n<strong>Uso corretto della pagina e dei servizi<\/strong><br \/>\nL&#8217;utente si impegna a utilizzare il Portale e i Servizi in conformit\u00e0 con la legge e i diritti di propriet\u00e0 intellettuale. \u00c8 vietato l&#8217;utilizzo dei contenuti e\/o dei relativi disegni in qualsiasi formato o con qualsiasi mezzo, elettronico o meccanico, per qualsiasi ragione e in mancanza dell&#8217;esplicita autorizzazione scritta di Panna&amp;Pomodoro S.L.<\/p>","protected":false},"excerpt":{"rendered":"\u00c8 vietata la riproduzione totale o parziale su qualsiasi supporto (scritto o elettronico) senza espressa autorizzazione scritta di Panna&amp;Pomodoro S.L. Puoi inviare eventuali domande o richieste di informazioni al nostro indirizzo e-mail: info@pannapomodoro.com Se lo desideri, puoi creare link dal tuo sito Web all&#8217;indirizzo dell&#8217; homepage di Panna&amp;Pomodoro S.L. senza il previo consenso di Panna&amp;Pomodoro&#8230; <a class=\"view-article\" href=\"https:\/\/www.pannapomodoro.com\/it\/nota-legale\/\">Mostra articolo<\/a>","protected":false},"author":1,"featured_media":0,"parent":0,"menu_order":0,"comment_status":"closed","ping_status":"closed","template":"fullpage.php","meta":[],"wps_subtitle":"","_links":{"self":[{"href":"https:\/\/www.pannapomodoro.com\/it\/wp-json\/wp\/v2\/pages\/53"}],"collection":[{"href":"https:\/\/www.pannapomodoro.com\/it\/wp-json\/wp\/v2\/pages"}],"about":[{"href":"https:\/\/www.pannapomodoro.com\/it\/wp-json\/wp\/v2\/types\/page"}],"author":[{"embeddable":true,"href":"https:\/\/www.pannapomodoro.com\/it\/wp-json\/wp\/v2\/users\/1"}],"replies":[{"embeddable":true,"href":"https:\/\/www.pannapomodoro.com\/it\/wp-json\/wp\/v2\/comments?post=53"}],"version-history":[{"count":4,"href":"https:\/\/www.pannapomodoro.com\/it\/wp-json\/wp\/v2\/pages\/53\/revisions"}],"predecessor-version":[{"id":738,"href":"https:\/\/www.pannapomodoro.com\/it\/wp-json\/wp\/v2\/pages\/53\/revisions\/738"}],"wp:attachment":[{"href":"https:\/\/www.pannapomodoro.com\/it\/wp-json\/wp\/v2\/media?parent=53"}],"curies":[{"name":"wp","href":"https:\/\/api.w.org\/{rel}","templated":true}]}}