{"id":3,"date":"2019-05-14T10:15:51","date_gmt":"2019-05-14T10:15:51","guid":{"rendered":"http:\/\/www.pannapomodoro.com\/?page_id=3"},"modified":"2021-03-22T12:11:56","modified_gmt":"2021-03-22T12:11:56","slug":"politica-privacidad","status":"publish","type":"page","link":"https:\/\/www.pannapomodoro.com\/it\/informativa-privacy\/","title":{"rendered":"Informativa privacy"},"content":{"rendered":"<p>Panna &amp; Pomodoro S.L. si impegna per la protezione e la sicurezza dei dati personali.<\/p>\n<p>Ogni giorno ci impegniamo a tutelare la riservatezza e la sicurezza dei dati che gli interessati ci forniscono, nel rispetto delle normative vigenti in materia di protezione dei dati personali. L&#8217;obiettivo di questa politica \u00e8 quello di informare sul diverso trattamento dei dati personali da noi effettuato, attraverso questo sito Web in conformit\u00e0 con le disposizioni della Legge Organica 3\/2018, del 5 dicembre, sulla protezione dei dati personali e sulla garanzia dei diritti digitali e Regolamento (UE) 2016\/679 del Parlamento Europeo e del Consiglio del 27 aprile 2016.<\/p>\n<p>IDENTIFICAZIONE E DATI DI CONTATTO DEL RESPONSABILE:<br \/>\nPANNA &amp; POMODORO S.L., con indirizzo in Calle El Trillo, 11 Urb. El Matorral (35600) Puerto del Rosario, Isole Canarie<br \/>\nCIF: B-35850734<br \/>\nTelefono di contatto: +34 928 54 34 71. Fax: 928 54 34 28<br \/>\nE-mail: info@pannapomodoro.com<br \/>\nResponsabile della protezione dei dati (DPO): L&#8217;Utente pu\u00f2 contattare il DPO scrivendo all&#8217;indirizzo di Panna &amp; Pomodoro S.L. oppure tramite la mail dpo@pannapomodoro.com con riferimento a &#8220;DPO Office&#8221;.<\/p>\n<p>FINALIT\u00c0 DEL TRATTAMENTO DEI SUOI \u200b\u200bDATI PERSONALI.<\/p>\n<p>A seconda dei casi, tratteremo i dati personali forniti tramite i nostri moduli web secondo i seguenti criteri.<\/p>\n<p>Navigatori di pagine web:<\/p>\n<p>Indirizzare richieste, reclami o incidenti trasferiti tramite i nostri canali di contatto e inviare le informazioni richieste.<br \/>\nConduci sondaggi sulla qualit\u00e0.<br \/>\nGestire, elaborare e rispondere a richieste, richieste, incidenti o quesiti dell&#8217;utente quando fornisce i propri dati attraverso i canali di comunicazione disponibili e i moduli abilitati a tal fine sul Sito www.pannapomodoro.com<br \/>\nAnalizzare i dati di traffico dell&#8217;Utente che consentono di mantenere la sicurezza delle reti, prevenire intrusioni illegittime o uso fraudolento dei servizi, nonch\u00e9 migliorare il servizio che ti forniamo, effettuando analisi statistiche anonime senza associarle ad alcuna informazione personale, trattando dati globali di uso.<br \/>\nPer proteggere ed esercitare i nostri diritti o rispondere a reclami di qualsiasi tipo.<\/p>\n<p>biscotti<br \/>\nSe lasci un commento sul nostro sito puoi scegliere di salvare il tuo nome, indirizzo email e sito web nei cookie. Questo \u00e8 per tua comodit\u00e0, cos\u00ec non devi inserire nuovamente i tuoi dati quando lasci un altro commento. Questi cookie dureranno un anno.<\/p>\n<p>Se hai un account e ti colleghi a questo sito, installeremo un cookie temporaneo per determinare se il tuo browser accetta i cookie. Questo cookie non contiene dati personali e viene cancellato alla chiusura del browser.<\/p>\n<p>Se modifichi o pubblichi un articolo, un cookie aggiuntivo verr\u00e0 salvato nel tuo browser. Questo cookie non include dati personali e indica semplicemente l&#8217;ID dell&#8217;articolo che hai appena modificato. Scade dopo 1 giorno.<\/p>\n<p>Per quanto tempo Panna &amp; Pomodoro tratter\u00e0 i dati dell&#8217;utente?<\/p>\n<p>Panna &amp; Pomodoro tratter\u00e0 i dati personali dell&#8217;Utente, nel rispetto del principio di limitazione del periodo di conservazione, per il tempo necessario ad adempiere agli scopi per i quali sono stati raccolti e li conserver\u00e0 per il periodo risultante dalla richiesta. in ordine alle finalit\u00e0 e alla base legittimante, ovvero per trattamenti basati sul rapporto contrattuale, saranno conservati per il tempo necessario all&#8217;erogazione dei servizi richiesti e nel rispetto dei termini previsti dalla normativa vigente per l&#8217;esercizio o la difesa di eventuali o reclami giudiziari. In questi casi, le informazioni verranno mantenute debitamente bloccate con accesso limitato a determinati profili. Trascorsi questi periodi, i dati possono essere eliminati o resi anonimi, a seconda dei casi e in conformit\u00e0 con le normative applicabili.<\/p>\n<p>Allo stesso modo, in ottemperanza agli obblighi derivanti dalla Legge 25\/2007, del 18 ottobre, sulla conservazione dei dati relativi alle comunicazioni elettroniche e alle reti di comunicazioni pubbliche, Panna &amp; Pomodoro manterr\u00e0 in ordine le informazioni di viabilit\u00e0 e localizzazione per un periodo di 12 mesi. per adempiere al dovere di informazione in caso di ricezione di richiesta da parte dell&#8217;Autorit\u00e0 Giudiziaria competente.<\/p>\n<p>Nei casi in cui otteniamo i dati automaticamente tramite i cookie, \u00e8 possibile limitarne l&#8217;utilizzo nel tempo rimuovendoli dai browser o dai dispositivi. Puoi consultare le istruzioni dettagliate nella nostra Cookie Policy<\/p>\n<p>DECISIONI AUTOMATIZZATE E PREPARAZIONE DEI PROFILI.<br \/>\nLa pagina non prende decisioni automatizzate n\u00e9 crea profili.<\/p>\n<p>DESTINATARI<br \/>\nPer tutta la durata del trattamento dei tuoi dati personali, Panna &amp; Pomodoro potr\u00e0 trasferire i tuoi dati a terzi ai seguenti soggetti\u00a0entit\u00e0 destinatarie:<\/p>\n<p>Organismi ed Enti Pubblici competenti in materia.<br \/>\nGiudici e tribunali.<br \/>\nForze e organismi di sicurezza dello Stato.<br \/>\nIn generale, alle diverse autorit\u00e0 competenti, quando Panna &amp; Pomodoro ha l&#8217;obbligo legale di fornire i dati personali.<\/p>\n<p>TRASFERIMENTI INTERNAZIONALI DI DATI.<br \/>\nPanna &amp; Pomodoro S.L. non esegue alcun trasferimento internazionale di dati.<\/p>\n<p>DIRITTI<br \/>\nGli interessati o le parti interessate possono esercitare i propri diritti di accesso, rettifica e cancellazione in qualsiasi momento e in modo completamente gratuito, nonch\u00e9 richiedere che il trattamento dei propri dati personali sia limitato, opporsi, richiedere la portabilit\u00e0 degli stessi (purch\u00e9 \u00e8 tecnicamente possibile) o revocare il consenso prestato e, se del caso, a meno che non sia oggetto di una decisione basata esclusivamente sul trattamento automatizzato, compresa la profilazione (sebbene il nostro sito Web non prenda decisioni automatizzate o crei profili).<\/p>\n<p>Per fare ci\u00f2 \u00e8 possibile utilizzare i moduli predisposti dall&#8217;azienda, oppure inviare una lettera all&#8217;indirizzo postale o alla mail di Panna &amp; Pomodoro. In ogni caso, la tua richiesta dovr\u00e0 essere accompagnata dalla fotocopia del tuo D.N.I. o documento equivalente, al fine di dimostrare la tua identit\u00e0.<\/p>\n<p>Nel caso in cui ritieni che i tuoi diritti siano violati in relazione alla protezione dei tuoi dati personali, soprattutto quando non hai ottenuto soddisfazione nell&#8217;esercizio dei tuoi diritti, puoi presentare un reclamo all&#8217;Autorit\u00e0 di controllo della protezione dei dati competente (Agenzia spagnola per i dati Protection), tramite il proprio sito web: https:\/\/www.aepd.es\/.<\/p>\n<p>In ottemperanza a quanto previsto dall&#8217;articolo 21 della Legge 34\/2002 sui servizi della societ\u00e0 dell&#8217;informazione e del commercio elettronico, se non desideri ricevere pi\u00f9 NEWSLETTER, puoi cancellarti inviando una mail all&#8217;indirizzo: newsletter @ pannapomodoro .com, con soggetto &#8220;BAJAS&#8221;.<\/p>\n<p>ACCURATEZZA DEI DATI:<\/p>\n<p>L&#8217;utente o l&#8217;utente:<\/p>\n<p>Garantisci che le informazioni che fornisci a Panna &amp; Pomodoro sono veritiere, accurate, complete e aggiornate. A tal fine, l&#8217;Utente \u00e8 responsabile della veridicit\u00e0 di tutti i dati che comunica e manterr\u00e0 le informazioni fornite debitamente aggiornate, in modo che rispondano alla loro reale situazione.<br \/>\nSarai responsabile delle informazioni false o inesatte che fornisci attraverso il Sito e dei danni, diretti o indiretti, che ci\u00f2 arreca a Panna &amp; Pomdoro oa terzi.<br \/>\nNel caso in cui l&#8217;Utente fornisca dati di terzi, dichiara di avere il proprio consenso e si impegna a trasferire le informazioni contenute nella Privacy Policy, esonerando Panna &amp; Pomodoro da ogni responsabilit\u00e0 in merito. Tuttavia, Panna &amp; Pomodoro potr\u00e0 effettuare periodiche verifiche per l&#8217;accertamento di tale fatto, adottando le corrispondenti misure di due diligence, nel rispetto della normativa sulla protezione dei dati.<\/p>\n<p>UTILIZZO DEI SOCIAL MEDIA<br \/>\nSe utilizzi uno specifico nome utente su un social network, Panna &amp; Pomodoro potrebbe registrare i dati disponibili su tale social network e per i quali ha espressamente consentito la comunicazione tramite l&#8217;applicazione selezionata. Questi social media hanno le proprie condizioni di utilizzo che sei obbligato a prendere in considerazione e osservare se li utilizzi.<\/p>","protected":false},"excerpt":{"rendered":"Panna &amp; Pomodoro S.L. si impegna per la protezione e la sicurezza dei dati personali. Ogni giorno ci impegniamo a tutelare la riservatezza e la sicurezza dei dati che gli interessati ci forniscono, nel rispetto delle normative vigenti in materia di protezione dei dati personali. L&#8217;obiettivo di questa politica \u00e8 quello di informare sul diverso&#8230; <a class=\"view-article\" href=\"https:\/\/www.pannapomodoro.com\/it\/informativa-privacy\/\">Mostra articolo<\/a>","protected":false},"author":1,"featured_media":0,"parent":0,"menu_order":0,"comment_status":"closed","ping_status":"open","template":"fullpage.php","meta":[],"wps_subtitle":"","_links":{"self":[{"href":"https:\/\/www.pannapomodoro.com\/it\/wp-json\/wp\/v2\/pages\/3"}],"collection":[{"href":"https:\/\/www.pannapomodoro.com\/it\/wp-json\/wp\/v2\/pages"}],"about":[{"href":"https:\/\/www.pannapomodoro.com\/it\/wp-json\/wp\/v2\/types\/page"}],"author":[{"embeddable":true,"href":"https:\/\/www.pannapomodoro.com\/it\/wp-json\/wp\/v2\/users\/1"}],"replies":[{"embeddable":true,"href":"https:\/\/www.pannapomodoro.com\/it\/wp-json\/wp\/v2\/comments?post=3"}],"version-history":[{"count":32,"href":"https:\/\/www.pannapomodoro.com\/it\/wp-json\/wp\/v2\/pages\/3\/revisions"}],"predecessor-version":[{"id":637,"href":"https:\/\/www.pannapomodoro.com\/it\/wp-json\/wp\/v2\/pages\/3\/revisions\/637"}],"wp:attachment":[{"href":"https:\/\/www.pannapomodoro.com\/it\/wp-json\/wp\/v2\/media?parent=3"}],"curies":[{"name":"wp","href":"https:\/\/api.w.org\/{rel}","templated":true}]}}