{"id":1576,"date":"2022-11-10T11:24:26","date_gmt":"2022-11-10T11:24:26","guid":{"rendered":"https:\/\/www.pannapomodoro.com\/?page_id=1576"},"modified":"2026-02-16T16:22:16","modified_gmt":"2026-02-16T16:22:16","slug":"pan-de-ajo","status":"publish","type":"page","link":"https:\/\/www.pannapomodoro.com\/it\/impasti-per-pizza\/espanol-pan-de-ajo\/","title":{"rendered":"Pane all&#8217;aglio"},"content":{"rendered":"<p>Pane fresco guarnito con una miscela di aglio, prezzemolo e olio d&#8217;oliva.<br \/>\nPreparato con ingredienti naturali al 100%; farina, sale e lievito.<\/p>\n<p>Croccanti e leggere, ideali come aperitivo!<\/p>\n<p><img loading=\"lazy\" class=\"alignnone wp-image-1770 \" src=\"https:\/\/www.pannapomodoro.com\/wp-content\/uploads\/2023\/04\/Febrero_23_30-scaled-e1681216139552.jpg\" alt=\"\" width=\"1056\" height=\"704\" srcset=\"https:\/\/www.pannapomodoro.com\/wp-content\/uploads\/2023\/04\/Febrero_23_30-scaled-e1681216139552.jpg 2560w, https:\/\/www.pannapomodoro.com\/wp-content\/uploads\/2023\/04\/Febrero_23_30-scaled-e1681216139552-250x167.jpg 250w, https:\/\/www.pannapomodoro.com\/wp-content\/uploads\/2023\/04\/Febrero_23_30-scaled-e1681216139552-700x467.jpg 700w, https:\/\/www.pannapomodoro.com\/wp-content\/uploads\/2023\/04\/Febrero_23_30-scaled-e1681216139552-768x512.jpg 768w, https:\/\/www.pannapomodoro.com\/wp-content\/uploads\/2023\/04\/Febrero_23_30-scaled-e1681216139552-1536x1024.jpg 1536w, https:\/\/www.pannapomodoro.com\/wp-content\/uploads\/2023\/04\/Febrero_23_30-scaled-e1681216139552-2048x1366.jpg 2048w, https:\/\/www.pannapomodoro.com\/wp-content\/uploads\/2023\/04\/Febrero_23_30-scaled-e1681216139552-120x80.jpg 120w\" sizes=\"(max-width: 1056px) 100vw, 1056px\" \/><\/p>\n<p>Scopri il delizioso sapore dell&#8217;autentico pane all&#8217;aglio nel tuo supermercato preferito!<\/p>\n<p>Ami l&#8217;irresistibile aroma dell&#8217;aglio appena sfornato? E se ti dicessi che ora puoi gustarlo in ogni boccone? Vi presentiamo il nostro Pane all&#8217;Aglio, una tentazione pronta a conquistare il vostro palato.<\/p>\n<p>Il pane all&#8217;aglio Panna Pomodoro \u00e8 l&#8217;accompagnamento perfetto per i tuoi cibi preferiti. Con una ricetta tradizionale e curata, il nostro pane \u00e8 soffice dentro e croccante fuori. Ogni fetta \u00e8 infusa con una speciale miscela di aglio fresco e spezie selezionate, per offrirti un sapore unico e delizioso.<\/p>\n<p>Il pane all&#8217;aglio \u00e8 solitamente all&#8217;inizio dei pranzi nei ristoranti di tutta la Spagna. Siamo stati incoraggiati a provare la nostra ricetta per portarla ora sulla tavola delle case.<\/p>\n<p>Il nostro pane all&#8217;aglio \u00e8 tanto versatile quanto delizioso. Puoi gustarlo come antipasto, abbinarlo ai tuoi primi piatti preferiti o inserirlo nelle tue ricette di panini. Inoltre, essendo refrigerato, conserva pi\u00f9 a lungo la sua freschezza e il suo sapore, pronto a soddisfare le tue voglie in ogni momento.<\/p>\n<p>Come \u00e8 consuetudine nelle nostre ricette, cerchiamo in cucina un equilibrio di ingredienti semplici ma essenziali come acqua, farina, sale, olio d&#8217;oliva, aglio e prezzemolo.<\/p>\n<p>L&#8217;impasto fermenta per circa 48 ore, unito al processo completamente a mano.<br \/>\nGrazie all&#8217;impasto manuale e al nostro forno in pietra refrattaria, otteniamo un impasto spugnoso e delizioso, il cui caratteristico aroma e consistenza sono garantiti dal momento in cui apri il contenitore fino a quando lo metti in bocca.<\/p>\n<p><strong>Messa in opera:<\/strong><\/p>\n<p>1.Preriscaldare il forno, la parte superiore e quella inferiore, a 250\u00b0C (con ventilazione).<br \/>\n2. Mettere il pane all&#8217;aglio sulla griglia e metterlo al centro del forno.<br \/>\n3. Cuocere per 4-5 minuti (a seconda delle preferenze) fino a quando il pane diventa dorato.<br \/>\n4. Per una rigenerazione pi\u00f9 uniforme, girare il pane all&#8217;aglio di circa 180\u00ba a met\u00e0 cottura.<\/p>","protected":false},"excerpt":{"rendered":"Pane fresco guarnito con una miscela di aglio, prezzemolo e olio d&#8217;oliva. Preparato con ingredienti naturali al 100%; farina, sale e lievito. Croccanti e leggere, ideali come aperitivo! Scopri il delizioso sapore dell&#8217;autentico pane all&#8217;aglio nel tuo supermercato preferito! Ami l&#8217;irresistibile aroma dell&#8217;aglio appena sfornato? E se ti dicessi che ora puoi gustarlo in ogni&#8230; <a class=\"view-article\" href=\"https:\/\/www.pannapomodoro.com\/it\/impasti-per-pizza\/espanol-pan-de-ajo\/\">Mostra articolo<\/a>","protected":false},"author":1,"featured_media":1538,"parent":10,"menu_order":0,"comment_status":"closed","ping_status":"closed","template":"product.php","meta":[],"wps_subtitle":"Ideale come aperitivo","_links":{"self":[{"href":"https:\/\/www.pannapomodoro.com\/it\/wp-json\/wp\/v2\/pages\/1576"}],"collection":[{"href":"https:\/\/www.pannapomodoro.com\/it\/wp-json\/wp\/v2\/pages"}],"about":[{"href":"https:\/\/www.pannapomodoro.com\/it\/wp-json\/wp\/v2\/types\/page"}],"author":[{"embeddable":true,"href":"https:\/\/www.pannapomodoro.com\/it\/wp-json\/wp\/v2\/users\/1"}],"replies":[{"embeddable":true,"href":"https:\/\/www.pannapomodoro.com\/it\/wp-json\/wp\/v2\/comments?post=1576"}],"version-history":[{"count":32,"href":"https:\/\/www.pannapomodoro.com\/it\/wp-json\/wp\/v2\/pages\/1576\/revisions"}],"predecessor-version":[{"id":2180,"href":"https:\/\/www.pannapomodoro.com\/it\/wp-json\/wp\/v2\/pages\/1576\/revisions\/2180"}],"up":[{"embeddable":true,"href":"https:\/\/www.pannapomodoro.com\/it\/wp-json\/wp\/v2\/pages\/10"}],"wp:featuredmedia":[{"embeddable":true,"href":"https:\/\/www.pannapomodoro.com\/it\/wp-json\/wp\/v2\/media\/1538"}],"wp:attachment":[{"href":"https:\/\/www.pannapomodoro.com\/it\/wp-json\/wp\/v2\/media?parent=1576"}],"curies":[{"name":"wp","href":"https:\/\/api.w.org\/{rel}","templated":true}]}}