{"id":92,"date":"2019-05-24T13:55:51","date_gmt":"2019-05-24T13:55:51","guid":{"rendered":"http:\/\/www.pannapomodoro.com\/?page_id=92"},"modified":"2023-10-25T11:20:01","modified_gmt":"2023-10-25T11:20:01","slug":"masa-integral-para-pizza","status":"publish","type":"page","link":"https:\/\/www.pannapomodoro.com\/fr\/pates-a-pizza\/pate-integrale-pour-pizza\/","title":{"rendered":"P\u00e2te int\u00e9grale pour pizza"},"content":{"rendered":"<p>La farine compl\u00e8te utilis\u00e9e pour fabriquer cette <strong>p\u00e2te 100% compl\u00e8te pour pizza \u00e0 la tomate<\/strong>, nous ram\u00e8ne aux saveurs anciennes de la cuisine italienne, o\u00f9 le respect des ingr\u00e9dients et leur pr\u00e9paration \u00e9taient synonymes de qualit\u00e9. .<\/p>\n<p>Panna &#038; amp; Pomodoro, suivant la m\u00eame philosophie, propose cette base de pizza, o\u00f9 la qualit\u00e9 et la tradition sont respect\u00e9es aujourd&rsquo;hui comme hier.<\/p>\n<p><strong>Le produit est conserv\u00e9 sous atmosph\u00e8re modifi\u00e9e dans une enveloppe de 1 unit\u00e9.<\/strong><\/p>\n<p>Vous ne savez pas quoi mettre sur votre pizza ? Cliquez ici pour voir <a href=\"https:\/\/www.pannapomodoro.com\/blog\/\">nos id\u00e9es savoureuses.<\/a><\/p>\n<p><a class=\"popup-button\" style=\"display: inline-block; text-decoration: none; background-color: #048214\u00a0; color: white\u00a0;cursor: pointer; font-family: Helvetica,Arial, sans-serif ; taille de police\u00a0: 16\u00a0px\u00a0; hauteur de ligne\u00a0: 50\u00a0px\u00a0; alignement du texte\u00a0:\u00a0centre\u00a0; marge\u00a0:\u00a00\u00a0; hauteur\u00a0: 50\u00a0px\u00a0; rembourrage\u00a0: 0\u00a0px\u00a033\u00a0px\u00a0; rayon de bordure\u00a0: 25\u00a0px\u00a0; largeur maximale\u00a0: 100\u00a0%\u00a0; espace blanc\u00a0: maintenant ; overflow\u00a0: masqu\u00e9\u00a0; text-overflow\u00a0: points de suspension\u00a0; font-weight\u00a0: gras\u00a0; -webkit-font-smoothing\u00a0: anticr\u00e9nel\u00e9\u00a0; -moz-osx-font-smoothing\u00a0: niveaux de gris\u00a0;\" href=\"https:\/\/api.whatsapp.com\/send?text=Pour faire la meilleure pizza 100% bl\u00e9 entier, Panna Pomodoro %20https:\/\/wa.me\/p\/3768996803138285\/34928543471\">Recommandez-la sur Whatsapp\u00a0! < \/a><br \/>\n<img loading=\"lazy\" width=\"700\" height=\"392\" class=\"size-large wp-image-1273 aligncenter\" src=\"https:\/\/www.pannapomodoro.com\/wp-content\/uploads\/2022\/04\/DSC2996-700x392.jpg\" alt=\"\" srcset=\"https:\/\/www.pannapomodoro.com\/wp-content\/uploads\/2022\/04\/DSC2996-700x392.jpg 700w, https:\/\/www.pannapomodoro.com\/wp-content\/uploads\/2022\/04\/DSC2996-250x140.jpg 250w, https:\/\/www.pannapomodoro.com\/wp-content\/uploads\/2022\/04\/DSC2996-768x430.jpg 768w, https:\/\/www.pannapomodoro.com\/wp-content\/uploads\/2022\/04\/DSC2996-1536x860.jpg 1536w, https:\/\/www.pannapomodoro.com\/wp-content\/uploads\/2022\/04\/DSC2996-2048x1146.jpg 2048w, https:\/\/www.pannapomodoro.com\/wp-content\/uploads\/2022\/04\/DSC2996-120x67.jpg 120w\" sizes=\"(max-width: 700px) 100vw, 700px\" \/><br \/>\nVous ne savez pas quoi mettre sur votre pizza ? Cliquez ici pour voir <a href=\"https:\/\/www.pannapomodoro.com\/blog\/\">nos id\u00e9es savoureuses.<\/a><\/p>","protected":false},"excerpt":{"rendered":"La farine compl\u00e8te utilis\u00e9e pour fabriquer cette p\u00e2te 100% compl\u00e8te pour pizza \u00e0 la tomate, nous ram\u00e8ne aux saveurs anciennes de la cuisine italienne, o\u00f9 le respect des ingr\u00e9dients et leur pr\u00e9paration \u00e9taient synonymes de qualit\u00e9. . Panna &#038; amp; Pomodoro, suivant la m\u00eame philosophie, propose cette base de pizza, o\u00f9 la qualit\u00e9 et la&#8230; <a class=\"view-article\" href=\"https:\/\/www.pannapomodoro.com\/fr\/pates-a-pizza\/pate-integrale-pour-pizza\/\">Voir l&rsquo;article<\/a>","protected":false},"author":1,"featured_media":0,"parent":10,"menu_order":0,"comment_status":"closed","ping_status":"closed","template":"product.php","meta":[],"wps_subtitle":"Une pizza 100% bl\u00e9 entier","_links":{"self":[{"href":"https:\/\/www.pannapomodoro.com\/fr\/wp-json\/wp\/v2\/pages\/92"}],"collection":[{"href":"https:\/\/www.pannapomodoro.com\/fr\/wp-json\/wp\/v2\/pages"}],"about":[{"href":"https:\/\/www.pannapomodoro.com\/fr\/wp-json\/wp\/v2\/types\/page"}],"author":[{"embeddable":true,"href":"https:\/\/www.pannapomodoro.com\/fr\/wp-json\/wp\/v2\/users\/1"}],"replies":[{"embeddable":true,"href":"https:\/\/www.pannapomodoro.com\/fr\/wp-json\/wp\/v2\/comments?post=92"}],"version-history":[{"count":37,"href":"https:\/\/www.pannapomodoro.com\/fr\/wp-json\/wp\/v2\/pages\/92\/revisions"}],"predecessor-version":[{"id":2084,"href":"https:\/\/www.pannapomodoro.com\/fr\/wp-json\/wp\/v2\/pages\/92\/revisions\/2084"}],"up":[{"embeddable":true,"href":"https:\/\/www.pannapomodoro.com\/fr\/wp-json\/wp\/v2\/pages\/10"}],"wp:attachment":[{"href":"https:\/\/www.pannapomodoro.com\/fr\/wp-json\/wp\/v2\/media?parent=92"}],"curies":[{"name":"wp","href":"https:\/\/api.w.org\/{rel}","templated":true}]}}