{"id":8,"date":"2019-05-15T08:39:08","date_gmt":"2019-05-15T08:39:08","guid":{"rendered":"http:\/\/www.pannapomodoro.com\/?page_id=8"},"modified":"2023-05-15T13:28:36","modified_gmt":"2023-05-15T13:28:36","slug":"empresa","status":"publish","type":"page","link":"https:\/\/www.pannapomodoro.com\/fr\/entreprise\/","title":{"rendered":"Panna&#038;Pomodoro"},"content":{"rendered":"<p><img loading=\"lazy\" class=\" wp-image-1126 aligncenter\" src=\"https:\/\/www.pannapomodoro.com\/wp-content\/uploads\/2022\/04\/Mesa-con-pinsas-y-pizza-700x467.jpg\" alt=\"Panna&amp;Pomodoro\" width=\"100%\" height=\"auto\" srcset=\"https:\/\/www.pannapomodoro.com\/wp-content\/uploads\/2022\/04\/Mesa-con-pinsas-y-pizza-700x467.jpg 700w, https:\/\/www.pannapomodoro.com\/wp-content\/uploads\/2022\/04\/Mesa-con-pinsas-y-pizza-250x167.jpg 250w, https:\/\/www.pannapomodoro.com\/wp-content\/uploads\/2022\/04\/Mesa-con-pinsas-y-pizza-768x513.jpg 768w, https:\/\/www.pannapomodoro.com\/wp-content\/uploads\/2022\/04\/Mesa-con-pinsas-y-pizza-1536x1025.jpg 1536w, https:\/\/www.pannapomodoro.com\/wp-content\/uploads\/2022\/04\/Mesa-con-pinsas-y-pizza-2048x1367.jpg 2048w, https:\/\/www.pannapomodoro.com\/wp-content\/uploads\/2022\/04\/Mesa-con-pinsas-y-pizza-120x80.jpg 120w\" sizes=\"(max-width: 700px) 100vw, 700px\" \/><\/p>\n<p><strong>Qui sommes-nous\u00a0?<\/strong><br \/>\nPanna &amp; Pomodoro a commenc\u00e9 son aventure sur l\u2019\u00eele de Fuerteventura en 2005. Mais son histoire remonte r\u00e9ellement \u00e0 cinq ans plut\u00f4t, lorsque son fondateur Andrea Polato, g\u00e9rait une franchise de bases de glaces et de pizzas, destin\u00e9es exclusivement aux pizzerias franchis\u00e9es rattach\u00e9es \u00e0 la marque. En 2005, Andrea Polato d\u00e9cide de se sp\u00e9cialiser dans la production de fonds \u00e0 pizza et ainsi opte pour \u00ab Panna &amp; Pomodoro \u00bb comme nom de sa marque. En italien \u00ab Panna \u00bb veut dire cr\u00e8me ; se r\u00e9f\u00e9rant \u00e0 la cr\u00e8me glac\u00e9e, et \u00ab Pomodoro \u00bb signifie tomate. Ce choix de nom r\u00e9v\u00e8le une certaine reconnaissance pour son ancienne franchise.<br \/>\nD\u00e8s lors, nos produits connaissent un succ\u00e8s retentissant partout dans les \u00eeles Canaries. Ceci d\u00fb \u00e0 notre politique d\u2019engagement responsable et rigoureuse, traduite par notre investissement continu aussi bien dans le d\u00e9veloppement des process qualit\u00e9 que dans la formation de nos \u00e9quipes d\u00e9vou\u00e9es pour vous offrir un produit de qualit\u00e9 exceptionnelle.<\/p>\n<p>Nos fonds \u00e0 pizza napp\u00e9s \u00e0 la sauce tomate sont pr\u00e9par\u00e9s avec des ingr\u00e9dients minutieusement choisis et 100% naturels. Vous permettant en quelques minutes, de savourer le go\u00fbt original et typique de la pizza italienne avec la garniture de votre choix. Dans le souci de vous satisfaire toujours au mieux et vous proposer des produits diversifi\u00e9s et de qualit\u00e9 inou\u00efe, nous avons lanc\u00e9 un nouveau plat typiquement italien d\u2019origine Romaine antique. La Pinsa Romana, qui se caract\u00e9rise par un m\u00e9lange tr\u00e8s hydrat\u00e9 des ingr\u00e9dients de la p\u00e2te, ce qui lui donne plus de parfum et de l\u00e9g\u00e8ret\u00e9.<\/p>\n<p>La p\u00e2te n\u00e9cessite une maturation tr\u00e8s lente, plus de 48 heures contrairement \u00e0 une p\u00e2te classique. La manipulation artisanale et la pr\u00e9cuisson au four en pierre r\u00e9fractaire permettent d\u2019obtenir une p\u00e2te croquante, moelleuse et surtout tr\u00e8s digestible. Nous proposons \u00e9galement une vari\u00e9t\u00e9 de produits destin\u00e9s aux professionnels. Si vous \u00eates distributeur, traiteur ou professionnel de la restauration, vous trouverez chez nous une s\u00e9lection vari\u00e9e de pizzas et Pinsas savoureuses, garnies, pr\u00e9cuites et emball\u00e9es.<\/p>\n<p>Nos clients sont toujours au c\u0153ur de nos pr\u00e9occupations. Leur satisfaction est notre priorit\u00e9 et la cl\u00e9 de notre succ\u00e8s. Nous tenons ainsi \u00e0 remercier tous nos clients pour leur confiance et leur fid\u00e9lit\u00e9 depuis la cr\u00e9ation de Panna &amp; Pomodoro.<\/p>\n<p>Vous \u00eates ce que vous mangez. Mangez sain, mangez bien!<br \/>\nPanna &amp; Pomodoro, un caprice naturel.<\/p>\n<div class=\"_df_book df-lite\" id=\"df_1883\"  data-title=\"espanol-catalogo-pannapomodoro\" _slug=\"catalogo-pannapomodoro\" wpoptions=\"true\" thumbtype=\"bg\" ><p class=\"df-raw-loading\">Please wait while flipbook is loading. For more related info, FAQs and issues please refer to <a href=\"https:\/\/wordpress.org\/plugins\/3d-flipbook-dflip-lite\/#installation\">DearFlip WordPress Flipbook Plugin Help<\/a> documentation.<\/p><\/div><script class=\"df-shortcode-script\" type=\"application\/javascript\">window.option_df_1883 = {\"outline\":[],\"backgroundColor\":\"#000000\",\"forceFit\":\"true\",\"autoEnableOutline\":\"false\",\"autoEnableThumbnail\":\"false\",\"overwritePDFOutline\":\"false\",\"backgroundImage\":\"https:\\\/\\\/www.pannapomodoro.com\\\/wp-content\\\/uploads\\\/2023\\\/04\\\/footer.jpg\",\"direction\":\"1\",\"pageSize\":\"0\",\"source\":\"https:\\\/\\\/www.pannapomodoro.com\\\/wp-content\\\/uploads\\\/2023\\\/04\\\/PANNA-POMODRO-\\u2013-Catalogue-france\\u0301s.pdf\",\"wpOptions\":\"true\"}; if(window.DFLIP && window.DFLIP.parseBooks){window.DFLIP.parseBooks();}<\/script>\n<p>Lire <a href=\"https:\/\/www.pannapomodoro.com\/politica-de-calidad-y-seguridad-alimentaria\/\">la Politique de Qualit\u00e9 et Alimentaire S\u00e9curit\u00e9<\/a>.<\/p>\n<p><iframe loading=\"lazy\" src=\"https:\/\/www.youtube.com\/embed\/36FIFPMLNjk\" width=\"100%\" height=\"315\" frameborder=\"0\" allowfullscreen=\"allowfullscreen\"><\/iframe><\/p>\n<p>&nbsp;<\/p>","protected":false},"excerpt":{"rendered":"Qui sommes-nous\u00a0? Panna &amp; Pomodoro a commenc\u00e9 son aventure sur l\u2019\u00eele de Fuerteventura en 2005. Mais son histoire remonte r\u00e9ellement \u00e0 cinq ans plut\u00f4t, lorsque son fondateur Andrea Polato, g\u00e9rait une franchise de bases de glaces et de pizzas, destin\u00e9es exclusivement aux pizzerias franchis\u00e9es rattach\u00e9es \u00e0 la marque. En 2005, Andrea Polato d\u00e9cide de se&#8230; <a class=\"view-article\" href=\"https:\/\/www.pannapomodoro.com\/fr\/entreprise\/\">Voir l&rsquo;article<\/a>","protected":false},"author":1,"featured_media":0,"parent":0,"menu_order":0,"comment_status":"closed","ping_status":"closed","template":"empresa.php","meta":[],"wps_subtitle":"P\u00e2te artisanale pour pizzas et pinsas","_links":{"self":[{"href":"https:\/\/www.pannapomodoro.com\/fr\/wp-json\/wp\/v2\/pages\/8"}],"collection":[{"href":"https:\/\/www.pannapomodoro.com\/fr\/wp-json\/wp\/v2\/pages"}],"about":[{"href":"https:\/\/www.pannapomodoro.com\/fr\/wp-json\/wp\/v2\/types\/page"}],"author":[{"embeddable":true,"href":"https:\/\/www.pannapomodoro.com\/fr\/wp-json\/wp\/v2\/users\/1"}],"replies":[{"embeddable":true,"href":"https:\/\/www.pannapomodoro.com\/fr\/wp-json\/wp\/v2\/comments?post=8"}],"version-history":[{"count":51,"href":"https:\/\/www.pannapomodoro.com\/fr\/wp-json\/wp\/v2\/pages\/8\/revisions"}],"predecessor-version":[{"id":1912,"href":"https:\/\/www.pannapomodoro.com\/fr\/wp-json\/wp\/v2\/pages\/8\/revisions\/1912"}],"wp:attachment":[{"href":"https:\/\/www.pannapomodoro.com\/fr\/wp-json\/wp\/v2\/media?parent=8"}],"curies":[{"name":"wp","href":"https:\/\/api.w.org\/{rel}","templated":true}]}}