{"id":761,"date":"2021-09-09T07:57:32","date_gmt":"2021-09-09T07:57:32","guid":{"rendered":"https:\/\/www.pannapomodoro.com\/?page_id=761"},"modified":"2021-10-16T06:14:56","modified_gmt":"2021-10-16T06:14:56","slug":"pizza-gourmet","status":"publish","type":"page","link":"https:\/\/www.pannapomodoro.com\/fr\/pizza-gourmet\/","title":{"rendered":"Pizza Gourmet"},"content":{"rendered":"<p>\u00c0 la d\u00e9j\u00e0 longue exp\u00e9rience de fabrication de fonds de pizza, nous ajoutons un membre de plus \u00e0 la toute nouvelle famille de p\u00e2tes \u00e0 pizza.<\/p>\n<p>Une p\u00e2te aux ingr\u00e9dients simples : eau, farine, levain et sel, qui, combin\u00e9s au processus artisanal, permettent d&rsquo;obtenir un produit facilement digestible gr\u00e2ce \u00e0 plusieurs facteurs caract\u00e9ristiques :<\/p>\n<p>L&rsquo;utilisation de levain, dont la fermentation s&rsquo;\u00e9chelonne entre 24 et 48 heures.<br \/>\nForte hydratation de la p\u00e2te; 70%.<br \/>\nUne fois p\u00e9tri, il passe \u00e0 nouveau par un processus de fermentation (environ 8 heures)<\/p>\n<p>Le r\u00e9sultat, gr\u00e2ce au m\u00e9lange manuel et \u00e0 la temp\u00e9rature \u00e9lev\u00e9e atteinte par notre four en pierre r\u00e9fractaire ; C&rsquo;est une p\u00e2te croustillante \u00e0 l&rsquo;ext\u00e9rieur mais spongieuse \u00e0 l&rsquo;int\u00e9rieur, avec une forte \u00e9paisseur caract\u00e9ristique sur le bord.<\/p>\n<p>La touche finale est donn\u00e9e par notre c\u00e9l\u00e8bre sauce tomate assaisonn\u00e9e, en attendant la s\u00e9lection des ingr\u00e9dients que le consommateur final propose pour pr\u00e9parer une pizza imbattable.<\/p>\n<p>Nous esp\u00e9rons que vous l&rsquo;appr\u00e9cierez autant que nous en avons eu \u00e0 le cr\u00e9er !<\/p>","protected":false},"excerpt":{"rendered":"\u00c0 la d\u00e9j\u00e0 longue exp\u00e9rience de fabrication de fonds de pizza, nous ajoutons un membre de plus \u00e0 la toute nouvelle famille de p\u00e2tes \u00e0 pizza. Une p\u00e2te aux ingr\u00e9dients simples : eau, farine, levain et sel, qui, combin\u00e9s au processus artisanal, permettent d&rsquo;obtenir un produit facilement digestible gr\u00e2ce \u00e0 plusieurs facteurs caract\u00e9ristiques : L&rsquo;utilisation&#8230; <a class=\"view-article\" href=\"https:\/\/www.pannapomodoro.com\/fr\/pizza-gourmet\/\">Voir l&rsquo;article<\/a>","protected":false},"author":1,"featured_media":838,"parent":0,"menu_order":0,"comment_status":"closed","ping_status":"closed","template":"product.php","meta":[],"wps_subtitle":"","_links":{"self":[{"href":"https:\/\/www.pannapomodoro.com\/fr\/wp-json\/wp\/v2\/pages\/761"}],"collection":[{"href":"https:\/\/www.pannapomodoro.com\/fr\/wp-json\/wp\/v2\/pages"}],"about":[{"href":"https:\/\/www.pannapomodoro.com\/fr\/wp-json\/wp\/v2\/types\/page"}],"author":[{"embeddable":true,"href":"https:\/\/www.pannapomodoro.com\/fr\/wp-json\/wp\/v2\/users\/1"}],"replies":[{"embeddable":true,"href":"https:\/\/www.pannapomodoro.com\/fr\/wp-json\/wp\/v2\/comments?post=761"}],"version-history":[{"count":5,"href":"https:\/\/www.pannapomodoro.com\/fr\/wp-json\/wp\/v2\/pages\/761\/revisions"}],"predecessor-version":[{"id":844,"href":"https:\/\/www.pannapomodoro.com\/fr\/wp-json\/wp\/v2\/pages\/761\/revisions\/844"}],"wp:featuredmedia":[{"embeddable":true,"href":"https:\/\/www.pannapomodoro.com\/fr\/wp-json\/wp\/v2\/media\/838"}],"wp:attachment":[{"href":"https:\/\/www.pannapomodoro.com\/fr\/wp-json\/wp\/v2\/media?parent=761"}],"curies":[{"name":"wp","href":"https:\/\/api.w.org\/{rel}","templated":true}]}}