{"id":590,"date":"2021-02-08T13:24:32","date_gmt":"2021-02-08T13:24:32","guid":{"rendered":"https:\/\/www.pannapomodoro.com\/?page_id=590"},"modified":"2023-10-26T10:46:13","modified_gmt":"2023-10-26T10:46:13","slug":"base-pizza-congelada","status":"publish","type":"page","link":"https:\/\/www.pannapomodoro.com\/fr\/pates-a-pizza\/base-pizza-surgelee\/","title":{"rendered":"Base de pizza surgel\u00e9e"},"content":{"rendered":"<p>C&rsquo;est une base de pizza pr\u00e9cuite faite avec notre recette et p\u00e9trissage artisanal, combin\u00e9e avec notre sauce tomate originale, et emball\u00e9e pour le stockage congel\u00e9.<\/p>\n<p>C&rsquo;est un produit id\u00e9al \u00e0 manger en famille ou entre amis. Facile \u00e0 utiliser, et avec la possibilit\u00e9 d&rsquo;inventer ou de r\u00e9inventer des saveurs uniques dans votre maison.<\/p>\n<p><strong>Disponible en pack de 2 unit\u00e9s.<\/strong><\/p>\n<p>Vous ne savez pas quoi mettre sur votre pizza? Cliquez ici pour voir nos id\u00e9es savoureuses.<\/p>","protected":false},"excerpt":{"rendered":"C&rsquo;est une base de pizza pr\u00e9cuite faite avec notre recette et p\u00e9trissage artisanal, combin\u00e9e avec notre sauce tomate originale, et emball\u00e9e pour le stockage congel\u00e9. C&rsquo;est un produit id\u00e9al \u00e0 manger en famille ou entre amis. Facile \u00e0 utiliser, et avec la possibilit\u00e9 d&rsquo;inventer ou de r\u00e9inventer des saveurs uniques dans votre maison. Disponible en&#8230; <a class=\"view-article\" href=\"https:\/\/www.pannapomodoro.com\/fr\/pates-a-pizza\/base-pizza-surgelee\/\">Voir l&rsquo;article<\/a>","protected":false},"author":1,"featured_media":1665,"parent":10,"menu_order":0,"comment_status":"closed","ping_status":"closed","template":"product.php","meta":[],"wps_subtitle":"Nouveau format de votre base de pizza pr\u00e9f\u00e9r\u00e9e","_links":{"self":[{"href":"https:\/\/www.pannapomodoro.com\/fr\/wp-json\/wp\/v2\/pages\/590"}],"collection":[{"href":"https:\/\/www.pannapomodoro.com\/fr\/wp-json\/wp\/v2\/pages"}],"about":[{"href":"https:\/\/www.pannapomodoro.com\/fr\/wp-json\/wp\/v2\/types\/page"}],"author":[{"embeddable":true,"href":"https:\/\/www.pannapomodoro.com\/fr\/wp-json\/wp\/v2\/users\/1"}],"replies":[{"embeddable":true,"href":"https:\/\/www.pannapomodoro.com\/fr\/wp-json\/wp\/v2\/comments?post=590"}],"version-history":[{"count":12,"href":"https:\/\/www.pannapomodoro.com\/fr\/wp-json\/wp\/v2\/pages\/590\/revisions"}],"predecessor-version":[{"id":2113,"href":"https:\/\/www.pannapomodoro.com\/fr\/wp-json\/wp\/v2\/pages\/590\/revisions\/2113"}],"up":[{"embeddable":true,"href":"https:\/\/www.pannapomodoro.com\/fr\/wp-json\/wp\/v2\/pages\/10"}],"wp:featuredmedia":[{"embeddable":true,"href":"https:\/\/www.pannapomodoro.com\/fr\/wp-json\/wp\/v2\/media\/1665"}],"wp:attachment":[{"href":"https:\/\/www.pannapomodoro.com\/fr\/wp-json\/wp\/v2\/media?parent=590"}],"curies":[{"name":"wp","href":"https:\/\/api.w.org\/{rel}","templated":true}]}}