{"id":534,"date":"2021-01-13T09:53:03","date_gmt":"2021-01-13T09:53:03","guid":{"rendered":"https:\/\/www.pannapomodoro.com\/?page_id=534"},"modified":"2023-09-04T09:00:14","modified_gmt":"2023-09-04T09:00:14","slug":"politica-de-calidad-y-seguridad-alimentaria","status":"publish","type":"page","link":"https:\/\/www.pannapomodoro.com\/fr\/espanol-politica-de-calidad-y-seguridad-alimentaria\/","title":{"rendered":"Politique de qualit\u00e9 et de s\u00e9curit\u00e9 alimentaire"},"content":{"rendered":"<p>PANNA ET POMODORO S.L. a choisi la Qualit\u00e9 comme facteur strat\u00e9gique, applicable sur l\u2019ensemble de son p\u00e9rim\u00e8tre<br \/>\norganisationnelle, pour renforcer sa position concurrentielle en assurant la satisfaction de ses clients, en \u00e9valuant continuellement<br \/>\net am\u00e9liorer les processus en ce qui concerne la qualit\u00e9 de leurs produits.<\/p>\n<p>L\u2019engagement de PANNA Y POMODORO S.L. les contrats avec la soci\u00e9t\u00e9 sont bas\u00e9s sur les principes de Qualit\u00e9,<br \/>\nS\u00e9curit\u00e9, responsabilit\u00e9, transparence et durabilit\u00e9 des produits qu&rsquo;elle vend. Pour obtenir ceci<br \/>\nL\u2019objectif prioritaire est soutenu par\u00a0:<\/p>\n<p>1) Assumer la n\u00e9cessit\u00e9 d&rsquo;une am\u00e9lioration continue de la qualit\u00e9 et de la s\u00e9curit\u00e9 de nos produits, pour<br \/>\nnos processus et nos conditions de travail, nous y parvenons avec du travail bien fait et<br \/>\ns&rsquo;assurer qu&rsquo;aucune t\u00e2che n&rsquo;est effectu\u00e9e sans mesures de s\u00e9curit\u00e9 et d&rsquo;hygi\u00e8ne appropri\u00e9es.<\/p>\n<p>2) Faire de la Qualit\u00e9 et de la S\u00e9curit\u00e9 les \u00e9l\u00e9ments de base de la culture d&rsquo;entreprise, ce qui implique<br \/>\n\u00e0 tout le personnel concern\u00e9. Pour ce faire, nous d\u00e9veloppons des proc\u00e9dures de communication externe et interne<br \/>\nqui garantissent le niveau maximum d\u2019efficacit\u00e9 dans la communication.<\/p>\n<p>3) Les personnes constituent la valeur la plus importante qui garantit notre avenir, donc l&rsquo;une des<br \/>\nobjectifs permanents de PANNA Y POMODORO S.L. est d\u2019assurer leur s\u00e9curit\u00e9 et leur sant\u00e9<br \/>\nmani\u00e8re qu&rsquo;ils soient la Qualit\u00e9, la Productivit\u00e9 et la Rentabilit\u00e9 des activit\u00e9s.<\/p>\n<p>4) Obtenir l&rsquo;engagement de tout le personnel de PANNA Y POMODORO S.L. soutenir et prendre soin<br \/>\nvos suggestions et propositions d\u2019am\u00e9lioration. Nous veillons \u00e0 ce que tout notre personnel b\u00e9n\u00e9ficie d&rsquo;un haut niveau de<br \/>\nformation en s\u00e9curit\u00e9 et s\u00fbret\u00e9 alimentaire, cr\u00e9ant ainsi une authentique culture de<br \/>\nS\u00e9curit\u00e9 alimentaire<\/p>\n<p>5) Planifier et syst\u00e9matiser la qualit\u00e9 \u00e0 travers la mise en \u0153uvre des standards IFS Food PANNA Y<br \/>\nPOMODORO S.L. adopte un engagement \u00e0 respecter les exigences en mati\u00e8re de s\u00e9curit\u00e9 alimentaire<br \/>\napplicable, y compris les exigences l\u00e9gales et r\u00e9glementaires et les exigences mutuellement convenues avec<br \/>\nclients li\u00e9s \u00e0 la s\u00e9curit\u00e9 alimentaire.<\/p>\n<p>6) D\u00e9velopper l\u2019am\u00e9lioration continue de notre syst\u00e8me de gestion de la s\u00e9curit\u00e9 alimentaire et de nos processus<br \/>\net produits, innover, adapter et promouvoir des m\u00e9thodes de travail s\u00e9curitaires chez PANNA Y<br \/>\nPOMODORO S.L.<\/p>\n<p>7) Concevoir, d\u00e9velopper et mettre en \u0153uvre un syst\u00e8me de s\u00e9curit\u00e9 dans nos installations qui emp\u00eache<br \/>\ncontamination intentionnelle des produits manufactur\u00e9s (Food Defense) pour respecter les<br \/>\nengagement acquis envers la s\u00e9curit\u00e9 de nos produits.<\/p>\n<p>8) Nous nous engageons \u00e0 conna\u00eetre et \u00e0 accro\u00eetre la satisfaction de nos clients. L&rsquo;enti\u00e8re satisfaction de<br \/>\naux besoins de nos clients, avec des produits de qualit\u00e9, comp\u00e9titifs et efficaces.<\/p>\n<p>9) Nous nous engageons \u00e0 d\u00e9velopper des pratiques durables, r\u00e9pondant aux besoins de<br \/>\ng\u00e9n\u00e9rations actuelles sans compromettre les besoins des g\u00e9n\u00e9rations futures, garantissant une<br \/>\n\u00e9quilibre entre croissance \u00e9conomique, respect de l\u2019environnement et bien-\u00eatre social.<\/p>\n<p>10) Am\u00e9liorer continuellement l\u2019efficacit\u00e9 du syst\u00e8me de gestion de la qualit\u00e9. PANNA ET POMODORO S.L. Ha<br \/>\na choisi la Qualit\u00e9 comme facteur strat\u00e9gique, applicable dans tout son p\u00e9rim\u00e8tre organisationnel, pour<br \/>\nrenforcer sa position concurrentielle, en \u00e9valuant et en am\u00e9liorant continuellement les processus par rapport au<br \/>\nqualit\u00e9 de leurs produits.<\/p>\n<p>La Direction de PANNA Y POMODORO S.L. assume la responsabilit\u00e9 de s&rsquo;assurer constamment que ledit<br \/>\nces principes sont pr\u00e9sents dans toutes les activit\u00e9s internes de l\u2019entreprise, ainsi que dans nos relations avec<br \/>\n\u00e0 l&rsquo;\u00e9tranger : les clients, les fournisseurs et la soci\u00e9t\u00e9 en g\u00e9n\u00e9ral et fournir \u00e0 l&rsquo;entreprise les ressources n\u00e9cessaires pour<br \/>\natteindre les objectifs pr\u00e9vus et l\u2019am\u00e9lioration continue de notre activit\u00e9.<\/p>\n<p>\u00c0 Puerto del Rosario, le 30 ao\u00fbt 2023<\/p>\n<p>M. Andrea Polato<br \/>\nDirecteur<\/p>\n<p><img loading=\"lazy\" class=\" wp-image-564 alignright\" src=\"https:\/\/www.pannapomodoro.com\/wp-content\/uploads\/2021\/01\/Sin-ti\u0301tulo-3.png\" alt=\"\" width=\"231\" height=\"113\" srcset=\"https:\/\/www.pannapomodoro.com\/wp-content\/uploads\/2021\/01\/Sin-ti\u0301tulo-3.png 814w, https:\/\/www.pannapomodoro.com\/wp-content\/uploads\/2021\/01\/Sin-ti\u0301tulo-3-250x123.png 250w, https:\/\/www.pannapomodoro.com\/wp-content\/uploads\/2021\/01\/Sin-ti\u0301tulo-3-768x376.png 768w, https:\/\/www.pannapomodoro.com\/wp-content\/uploads\/2021\/01\/Sin-ti\u0301tulo-3-700x343.png 700w, https:\/\/www.pannapomodoro.com\/wp-content\/uploads\/2021\/01\/Sin-ti\u0301tulo-3-120x59.png 120w\" sizes=\"(max-width: 231px) 100vw, 231px\" \/><\/p>\n<p><img class=\"size-medium wp-image-564 alignright\" src=\"https:\/\/www.pannapomodoro.com\/wp-content\/uploads\/2021\/01\/Untitled-3-250x123.png\" alt=\"\" \/><\/p>","protected":false},"excerpt":{"rendered":"PANNA ET POMODORO S.L. a choisi la Qualit\u00e9 comme facteur strat\u00e9gique, applicable sur l\u2019ensemble de son p\u00e9rim\u00e8tre organisationnelle, pour renforcer sa position concurrentielle en assurant la satisfaction de ses clients, en \u00e9valuant continuellement et am\u00e9liorer les processus en ce qui concerne la qualit\u00e9 de leurs produits. L\u2019engagement de PANNA Y POMODORO S.L. les contrats avec&#8230; <a class=\"view-article\" href=\"https:\/\/www.pannapomodoro.com\/fr\/espanol-politica-de-calidad-y-seguridad-alimentaria\/\">Voir l&rsquo;article<\/a>","protected":false},"author":1,"featured_media":0,"parent":0,"menu_order":0,"comment_status":"closed","ping_status":"closed","template":"empresa.php","meta":[],"wps_subtitle":"Notre engagement","_links":{"self":[{"href":"https:\/\/www.pannapomodoro.com\/fr\/wp-json\/wp\/v2\/pages\/534"}],"collection":[{"href":"https:\/\/www.pannapomodoro.com\/fr\/wp-json\/wp\/v2\/pages"}],"about":[{"href":"https:\/\/www.pannapomodoro.com\/fr\/wp-json\/wp\/v2\/types\/page"}],"author":[{"embeddable":true,"href":"https:\/\/www.pannapomodoro.com\/fr\/wp-json\/wp\/v2\/users\/1"}],"replies":[{"embeddable":true,"href":"https:\/\/www.pannapomodoro.com\/fr\/wp-json\/wp\/v2\/comments?post=534"}],"version-history":[{"count":15,"href":"https:\/\/www.pannapomodoro.com\/fr\/wp-json\/wp\/v2\/pages\/534\/revisions"}],"predecessor-version":[{"id":2073,"href":"https:\/\/www.pannapomodoro.com\/fr\/wp-json\/wp\/v2\/pages\/534\/revisions\/2073"}],"wp:attachment":[{"href":"https:\/\/www.pannapomodoro.com\/fr\/wp-json\/wp\/v2\/media?parent=534"}],"curies":[{"name":"wp","href":"https:\/\/api.w.org\/{rel}","templated":true}]}}