{"id":53,"date":"2019-05-16T11:34:40","date_gmt":"2019-05-16T11:34:40","guid":{"rendered":"http:\/\/www.pannapomodoro.com\/?page_id=53"},"modified":"2021-07-16T09:07:49","modified_gmt":"2021-07-16T09:07:49","slug":"aviso-legal","status":"publish","type":"page","link":"https:\/\/www.pannapomodoro.com\/fr\/mentions-legales\/","title":{"rendered":"Mentions l\u00e9gales"},"content":{"rendered":"<p>Toute reproduction totale ou partielle sur un quelconque support (papier ou \u00e9lectronique) est strictement interdite sans l\u2019autorisation expresse et \u00e9crite de Panna &amp; Pomodoro S.L. Pour toute demande d\u2019informations, veuillez nous \u00e9crire \u00e0 info@pannapomodoro.com.<br \/>\nVous pouvez cr\u00e9er des liens sur votre site internet vers la page principale de Panna &amp; Pomodoro S.L. sans besoin d\u2019autorisation de la part de Panna &amp; Pomodoro S.L.<br \/>\nLes documents et graphiques associ\u00e9s qui sont publi\u00e9s sur ce serveur peuvent contenir des inexactitudes techniques ou des erreurs typographiques. Les informations sont soumises \u00e0 des modifications p\u00e9riodiques. Panna &amp; Pomodoro S.L. peut \u00e0 tout moment am\u00e9liorer et\/ou modifier les produits ou services d\u00e9crits sur ce site.<br \/>\n<strong>Bonne utilisation du site et des services<\/strong><br \/>\nL\u2019utilisateur s\u2019engage \u00e0 utiliser le portail et les services conform\u00e9ment \u00e0 la l\u00e9gislation et aux droits de propri\u00e9t\u00e9 intellectuelle, sans exploiter les contenus et les conceptions du site, sous aucun format, sur aucun support (\u00e9lectronique ou m\u00e9canique) et sous aucun motif, sans l\u2019autorisation expresse et \u00e9crite de la part de Panna &amp; Pomodoro S.L.<\/p>","protected":false},"excerpt":{"rendered":"Toute reproduction totale ou partielle sur un quelconque support (papier ou \u00e9lectronique) est strictement interdite sans l\u2019autorisation expresse et \u00e9crite de Panna &amp; Pomodoro S.L. Pour toute demande d\u2019informations, veuillez nous \u00e9crire \u00e0 info@pannapomodoro.com. Vous pouvez cr\u00e9er des liens sur votre site internet vers la page principale de Panna &amp; Pomodoro S.L. sans besoin d\u2019autorisation&#8230; <a class=\"view-article\" href=\"https:\/\/www.pannapomodoro.com\/fr\/mentions-legales\/\">Voir l&rsquo;article<\/a>","protected":false},"author":1,"featured_media":0,"parent":0,"menu_order":0,"comment_status":"closed","ping_status":"closed","template":"fullpage.php","meta":[],"wps_subtitle":"","_links":{"self":[{"href":"https:\/\/www.pannapomodoro.com\/fr\/wp-json\/wp\/v2\/pages\/53"}],"collection":[{"href":"https:\/\/www.pannapomodoro.com\/fr\/wp-json\/wp\/v2\/pages"}],"about":[{"href":"https:\/\/www.pannapomodoro.com\/fr\/wp-json\/wp\/v2\/types\/page"}],"author":[{"embeddable":true,"href":"https:\/\/www.pannapomodoro.com\/fr\/wp-json\/wp\/v2\/users\/1"}],"replies":[{"embeddable":true,"href":"https:\/\/www.pannapomodoro.com\/fr\/wp-json\/wp\/v2\/comments?post=53"}],"version-history":[{"count":4,"href":"https:\/\/www.pannapomodoro.com\/fr\/wp-json\/wp\/v2\/pages\/53\/revisions"}],"predecessor-version":[{"id":738,"href":"https:\/\/www.pannapomodoro.com\/fr\/wp-json\/wp\/v2\/pages\/53\/revisions\/738"}],"wp:attachment":[{"href":"https:\/\/www.pannapomodoro.com\/fr\/wp-json\/wp\/v2\/media?parent=53"}],"curies":[{"name":"wp","href":"https:\/\/api.w.org\/{rel}","templated":true}]}}