{"id":404,"date":"2019-07-13T10:51:07","date_gmt":"2019-07-13T10:51:07","guid":{"rendered":"https:\/\/www.pannapomodoro.com\/?page_id=404"},"modified":"2026-03-06T11:29:35","modified_gmt":"2026-03-06T11:29:35","slug":"masa-clasica-para-pizza-2","status":"publish","type":"page","link":"https:\/\/www.pannapomodoro.com\/fr\/pates-a-pizza\/pate-a-pizza-classique-2\/","title":{"rendered":"P\u00e2te \u00e0 pizza classique"},"content":{"rendered":"<p>Notre recette et notre p\u00e9trissage artisanaux, avec la meilleure farine import\u00e9e d\u2019Italie, tout comme la sauce tomate, respectent la tradition de la cuisine italienne.<\/p>\n<p>Un produit id\u00e9al pour la famille, facile \u00e0 utiliser, rapide et \u00e9conomique. Son go\u00fbt et son ar\u00f4me caract\u00e9ristiques vous subjugueront d\u00e8s la premi\u00e8re bouch\u00e9e.<\/p>\n<p>Le produit est emball\u00e9 sous atmosph\u00e8re modifi\u00e9e dans un sachet d\u2019une ou deux unit\u00e9s. Disponible dans les meilleures boutiques d\u2019Espagne, id\u00e9al pour la vente en grandes surfaces, supermarch\u00e9s et \u00e9piceries.<\/p>\n<p><strong>Disponible en paquets de 1 et 2 unit\u00e9s.<\/strong><\/p>","protected":false},"excerpt":{"rendered":"Notre recette et notre p\u00e9trissage artisanaux, avec la meilleure farine import\u00e9e d\u2019Italie, tout comme la sauce tomate, respectent la tradition de la cuisine italienne. Un produit id\u00e9al pour la famille, facile \u00e0 utiliser, rapide et \u00e9conomique. Son go\u00fbt et son ar\u00f4me caract\u00e9ristiques vous subjugueront d\u00e8s la premi\u00e8re bouch\u00e9e. Le produit est emball\u00e9 sous atmosph\u00e8re modifi\u00e9e&#8230; <a class=\"view-article\" href=\"https:\/\/www.pannapomodoro.com\/fr\/pates-a-pizza\/pate-a-pizza-classique-2\/\">Voir l&rsquo;article<\/a>","protected":false},"author":1,"featured_media":1627,"parent":10,"menu_order":0,"comment_status":"closed","ping_status":"closed","template":"product.php","meta":[],"wps_subtitle":"Une nouvelle fa\u00e7on de d\u00e9guster une pizza italienne","_links":{"self":[{"href":"https:\/\/www.pannapomodoro.com\/fr\/wp-json\/wp\/v2\/pages\/404"}],"collection":[{"href":"https:\/\/www.pannapomodoro.com\/fr\/wp-json\/wp\/v2\/pages"}],"about":[{"href":"https:\/\/www.pannapomodoro.com\/fr\/wp-json\/wp\/v2\/types\/page"}],"author":[{"embeddable":true,"href":"https:\/\/www.pannapomodoro.com\/fr\/wp-json\/wp\/v2\/users\/1"}],"replies":[{"embeddable":true,"href":"https:\/\/www.pannapomodoro.com\/fr\/wp-json\/wp\/v2\/comments?post=404"}],"version-history":[{"count":18,"href":"https:\/\/www.pannapomodoro.com\/fr\/wp-json\/wp\/v2\/pages\/404\/revisions"}],"predecessor-version":[{"id":2185,"href":"https:\/\/www.pannapomodoro.com\/fr\/wp-json\/wp\/v2\/pages\/404\/revisions\/2185"}],"up":[{"embeddable":true,"href":"https:\/\/www.pannapomodoro.com\/fr\/wp-json\/wp\/v2\/pages\/10"}],"wp:featuredmedia":[{"embeddable":true,"href":"https:\/\/www.pannapomodoro.com\/fr\/wp-json\/wp\/v2\/media\/1627"}],"wp:attachment":[{"href":"https:\/\/www.pannapomodoro.com\/fr\/wp-json\/wp\/v2\/media?parent=404"}],"curies":[{"name":"wp","href":"https:\/\/api.w.org\/{rel}","templated":true}]}}