{"id":3,"date":"2019-05-14T10:15:51","date_gmt":"2019-05-14T10:15:51","guid":{"rendered":"http:\/\/www.pannapomodoro.com\/?page_id=3"},"modified":"2021-03-22T12:11:56","modified_gmt":"2021-03-22T12:11:56","slug":"politica-privacidad","status":"publish","type":"page","link":"https:\/\/www.pannapomodoro.com\/fr\/politique-de-confidentialite\/","title":{"rendered":"Politique de confidentialit\u00e9"},"content":{"rendered":"<p>Panna et Pomodoro S.L. s&rsquo;engage pour la protection et la s\u00e9curit\u00e9 des donn\u00e9es personnelles.<\/p>\n<p>Chaque jour, nous nous effor\u00e7ons de prot\u00e9ger la confidentialit\u00e9 et la s\u00e9curit\u00e9 des donn\u00e9es que les parties int\u00e9ress\u00e9es nous fournissent, conform\u00e9ment \u00e0 la r\u00e9glementation en vigueur dans le domaine de la protection des donn\u00e9es personnelles. L&rsquo;objectif de cette politique est d&rsquo;informer sur les diff\u00e9rents traitements de donn\u00e9es \u00e0 caract\u00e8re personnel que nous effectuons, via ce site Internet, conform\u00e9ment aux dispositions de la loi organique 3\/2018 du 5 d\u00e9cembre sur la protection des donn\u00e9es \u00e0 caract\u00e8re personnel et la garantie des droits num\u00e9riques et R\u00e8glement (UE) 2016\/679 du Parlement europ\u00e9en et du Conseil du 27 avril 2016.<\/p>\n<p>IDENTIFICATION ET COORDONN\u00c9ES DU RESPONSABLE:<br \/>\nPANNA &amp; POMODORO S.L., dont l&rsquo;adresse est Calle El Trillo, 11 Urb. El Matorral (35600) Puerto del Rosario, \u00celes Canaries<br \/>\nCIF: B-35850734<br \/>\nT\u00e9l\u00e9phone de contact: +34 928 54 34 71. Fax: 928 54 34 28<br \/>\nCourriel: info@pannapomodoro.com<br \/>\nD\u00e9l\u00e9gu\u00e9 \u00e0 la protection des donn\u00e9es (DPO): L&rsquo;utilisateur peut contacter le DPO en \u00e9crivant \u00e0 l&rsquo;adresse de Panna &amp; Pomodoro S.L. ou via l&#8217;email dpo@pannapomodoro.com en r\u00e9f\u00e9rence \u00e0 \u00ab\u00a0DPO Office\u00a0\u00bb.<\/p>\n<p>OBJECTIFS DU TRAITEMENT DE VOS DONN\u00c9ES PERSONNELLES.<\/p>\n<p>Selon le cas, nous traiterons vos donn\u00e9es personnelles fournies via nos formulaires Web selon les crit\u00e8res suivants.<\/p>\n<p>Navigateurs de pages Web:<\/p>\n<p>R\u00e9pondez aux demandes, plaintes ou incidents transf\u00e9r\u00e9s via nos canaux de contact et envoyez les informations demand\u00e9es.<br \/>\nMener des enqu\u00eates de qualit\u00e9.<br \/>\nG\u00e9rer, traiter et r\u00e9pondre aux demandes, demandes, incidents ou requ\u00eates de l&rsquo;utilisateur lorsqu&rsquo;il fournit ses donn\u00e9es via les canaux de communication disponibles et les formulaires activ\u00e9s \u00e0 cet effet sur le site Web www.pannapomodoro.com<br \/>\nAnalyser les donn\u00e9es de trafic de l&rsquo;Utilisateur qui permettent de maintenir la s\u00e9curit\u00e9 des r\u00e9seaux, de pr\u00e9venir les intrusions ill\u00e9gitimes ou l&rsquo;utilisation frauduleuse des services, ainsi que d&rsquo;am\u00e9liorer le service que nous vous fournissons, d&rsquo;effectuer des analyses statistiques anonymis\u00e9es sans les associer \u00e0 des informations personnelles, de traiter les donn\u00e9es globales de utilisation.<br \/>\nPour prot\u00e9ger et exercer nos droits ou r\u00e9pondre \u00e0 des r\u00e9clamations de toute nature.<\/p>\n<p>biscuits<br \/>\nSi vous laissez un commentaire sur notre site, vous pouvez choisir d&rsquo;enregistrer votre nom, votre adresse e-mail et votre site Web dans des cookies. C&rsquo;est pour votre commodit\u00e9, vous n&rsquo;avez donc pas \u00e0 remplir \u00e0 nouveau vos coordonn\u00e9es lorsque vous laissez un autre commentaire. Ces cookies dureront un an.<\/p>\n<p>Si vous avez un compte et que vous vous connectez \u00e0 ce site, nous installerons un cookie temporaire pour d\u00e9terminer si votre navigateur accepte les cookies. Ce cookie ne contient pas de donn\u00e9es personnelles et est supprim\u00e9 lorsque le navigateur est ferm\u00e9.<\/p>\n<p>Si vous modifiez ou publiez un article, un cookie suppl\u00e9mentaire sera enregistr\u00e9 dans votre navigateur. Ce cookie n&rsquo;inclut pas de donn\u00e9es personnelles et indique simplement l&rsquo;ID de l&rsquo;article que vous venez de modifier. Il expire apr\u00e8s 1 jour.<\/p>\n<p>Pendant combien de temps Panna &amp; Pomodoro traitera-t-il les donn\u00e9es de l&rsquo;utilisateur?<\/p>\n<p>Panna &amp; Pomodoro traitera les donn\u00e9es personnelles de l&rsquo;Utilisateur, dans le respect du principe de limitation de la dur\u00e9e de conservation, pendant le temps n\u00e9cessaire \u00e0 l&rsquo;accomplissement des finalit\u00e9s pour lesquelles elles ont \u00e9t\u00e9 collect\u00e9es et les conservera pendant la p\u00e9riode qui r\u00e9sulte de la demande. selon la finalit\u00e9 et la base de l\u00e9gitimation, c&rsquo;est-\u00e0-dire pour les traitements fond\u00e9s sur la relation contractuelle, ils seront conserv\u00e9s pendant le temps n\u00e9cessaire \u00e0 la fourniture des services demand\u00e9s et conform\u00e9ment aux d\u00e9lais pr\u00e9vus par la l\u00e9gislation en vigueur pour l&rsquo;exercice ou la d\u00e9fense d&rsquo;\u00e9ventuels ou des r\u00e9clamations judiciaires. Dans ces cas, les informations seront maintenues d\u00fbment bloqu\u00e9es avec un acc\u00e8s restreint \u00e0 certains profils. Une fois ces d\u00e9lais \u00e9coul\u00e9s, les donn\u00e9es peuvent \u00eatre supprim\u00e9es ou anonymis\u00e9es, selon le cas, et conform\u00e9ment \u00e0 la r\u00e9glementation applicable.<\/p>\n<p>De m\u00eame, conform\u00e9ment aux obligations d\u00e9coulant de la loi 25\/2007 du 18 octobre sur la conservation des donn\u00e9es relatives aux communications \u00e9lectroniques et aux r\u00e9seaux de communications publics, Panna &amp; Pomodoro conservera les informations de trafic et de localisation pendant une p\u00e9riode de 12 mois. se conformer \u00e0 l&rsquo;obligation d&rsquo;information en cas de r\u00e9ception d&rsquo;une demande de l&rsquo;autorit\u00e9 judiciaire comp\u00e9tente.<\/p>\n<p>Dans les cas o\u00f9 nous obtenons automatiquement des donn\u00e9es via des cookies, vous pouvez limiter leur utilisation dans le temps en les supprimant des navigateurs ou des appareils. Vous pouvez consulter des instructions d\u00e9taill\u00e9es dans notre politique de cookies<\/p>\n<p>D\u00c9CISIONS AUTOMATIS\u00c9ES ET PR\u00c9PARATION DES PROFILS.<br \/>\nLa page ne prend pas de d\u00e9cisions automatis\u00e9es ni ne cr\u00e9e de profils.<\/p>\n<p>B\u00c9N\u00c9FICIAIRES<br \/>\nPendant la dur\u00e9e du traitement de vos donn\u00e9es personnelles, Panna &amp; Pomodoro peut transf\u00e9rer vos donn\u00e9es \u00e0 des tiers \u00e0 l&rsquo;adresse suivante entit\u00e9s destinataires:<\/p>\n<p>Organismes et entit\u00e9s publiques comp\u00e9tents en la mati\u00e8re.<br \/>\nJuges et tribunaux.<br \/>\nForces et organes de s\u00e9curit\u00e9 de l\u2019\u00c9tat.<br \/>\nEn g\u00e9n\u00e9ral, aux diff\u00e9rentes autorit\u00e9s comp\u00e9tentes, lorsque Panna &amp; Pomodoro a une obligation l\u00e9gale de fournir des donn\u00e9es personnelles.<\/p>\n<p>TRANSFERTS INTERNATIONAUX DE DONN\u00c9ES.<br \/>\nPanna et Pomodoro S.L. n&rsquo;effectue aucun transfert international de donn\u00e9es.<\/p>\n<p>DROITS<br \/>\nLes parties int\u00e9ress\u00e9es ou les parties int\u00e9ress\u00e9es peuvent exercer leurs droits d&rsquo;acc\u00e8s, de rectification et de suppression \u00e0 tout moment et de mani\u00e8re totalement gratuite, ainsi que demander que le traitement de leurs donn\u00e9es personnelles soit limit\u00e9, s&rsquo;y opposer, demander la portabilit\u00e9 de celles-ci (\u00e0 condition qu&rsquo;il est techniquement possible) ou de retirer le consentement donn\u00e9, et le cas \u00e9ch\u00e9ant, \u00e0 moins qu&rsquo;il ne fasse l&rsquo;objet d&rsquo;une d\u00e9cision bas\u00e9e uniquement sur un traitement automatis\u00e9, y compris le profilage (bien que notre site Web ne prenne pas de d\u00e9cisions automatis\u00e9es ou ne cr\u00e9e pas de profils).<\/p>\n<p>Pour ce faire, vous pouvez utiliser les formulaires fournis par la soci\u00e9t\u00e9, ou envoyer un courrier \u00e0 l&rsquo;adresse postale ou \u00e0 l&#8217;email de Panna &amp; Pomodoro. Dans tous les cas, votre demande doit \u00eatre accompagn\u00e9e d&rsquo;une photocopie de votre D.N.I. ou document \u00e9quivalent, afin de prouver votre identit\u00e9.<\/p>\n<p>Dans le cas o\u00f9 vous estimez que vos droits sont viol\u00e9s en ce qui concerne la protection de vos donn\u00e9es personnelles, en particulier lorsque vous n&rsquo;avez pas obtenu satisfaction dans l&rsquo;exercice de vos droits, vous pouvez d\u00e9poser une r\u00e9clamation aupr\u00e8s de l&rsquo;autorit\u00e9 de contr\u00f4le de la protection des donn\u00e9es comp\u00e9tente (Agency Spanish Data Protection), via son site Internet: https:\/\/www.aepd.es\/.<\/p>\n<p>Conform\u00e9ment aux dispositions de l&rsquo;article 21 de la loi 34\/2002 relative aux services de la soci\u00e9t\u00e9 de l&rsquo;information et du commerce \u00e9lectronique, si vous ne souhaitez plus recevoir de NEWSLETTER, vous pouvez vous d\u00e9sinscrire en envoyant un email \u00e0 l&rsquo;adresse: newsletter @ pannapomodoro .com, avec le sujet \u00ab\u00a0BAJAS\u00a0\u00bb.<\/p>\n<p>PR\u00c9CISION DES DONN\u00c9ES:<\/p>\n<p>L&rsquo;utilisateur ou l&rsquo;utilisateur:<\/p>\n<p>Vous garantissez que les informations que vous fournissez \u00e0 Panna &amp; Pomodoro sont vraies, exactes, compl\u00e8tes et \u00e0 jour. A ces fins, l&rsquo;Utilisateur est responsable de la v\u00e9racit\u00e9 de toutes les donn\u00e9es qu&rsquo;il communique et tiendra les informations fournies d\u00fbment mises \u00e0 jour, de mani\u00e8re \u00e0 ce qu&rsquo;elles r\u00e9pondent \u00e0 leur situation r\u00e9elle.<br \/>\nVous serez responsable des informations fausses ou inexactes que vous fournissez via le site Web et des dommages, directs ou indirects, que cela cause \u00e0 Panna &amp; Pomdoro ou \u00e0 des tiers.<br \/>\nDans le cas o\u00f9 l&rsquo;Utilisateur fournit des donn\u00e9es provenant de tiers, il d\u00e9clare avoir son consentement et s&rsquo;engage \u00e0 transf\u00e9rer les informations contenues dans la Politique de Confidentialit\u00e9, exon\u00e9rant Panna &amp; Pomodoro de toute responsabilit\u00e9 \u00e0 cet \u00e9gard. Cependant, Panna &amp; Pomodoro peut effectuer des v\u00e9rifications p\u00e9riodiques pour v\u00e9rifier ce fait, en adoptant les mesures de diligence raisonnable correspondantes, conform\u00e9ment \u00e0 la r\u00e9glementation sur la protection des donn\u00e9es.<\/p>\n<p>UTILISATION DES M\u00c9DIAS SOCIAUX<br \/>\nSi vous utilisez un nom d&rsquo;utilisateur sp\u00e9cifique sur un r\u00e9seau social, Panna &amp; Pomodoro peut enregistrer les donn\u00e9es disponibles sur ce r\u00e9seau social et pour lesquelles il a express\u00e9ment autoris\u00e9 la communication via l&rsquo;application s\u00e9lectionn\u00e9e. Ces r\u00e9seaux sociaux ont leurs propres conditions d&rsquo;utilisation que vous \u00eates oblig\u00e9 de prendre en compte et de respecter si vous les utilisez.<\/p>","protected":false},"excerpt":{"rendered":"Panna et Pomodoro S.L. s&rsquo;engage pour la protection et la s\u00e9curit\u00e9 des donn\u00e9es personnelles. Chaque jour, nous nous effor\u00e7ons de prot\u00e9ger la confidentialit\u00e9 et la s\u00e9curit\u00e9 des donn\u00e9es que les parties int\u00e9ress\u00e9es nous fournissent, conform\u00e9ment \u00e0 la r\u00e9glementation en vigueur dans le domaine de la protection des donn\u00e9es personnelles. L&rsquo;objectif de cette politique est d&rsquo;informer&#8230; <a class=\"view-article\" href=\"https:\/\/www.pannapomodoro.com\/fr\/politique-de-confidentialite\/\">Voir l&rsquo;article<\/a>","protected":false},"author":1,"featured_media":0,"parent":0,"menu_order":0,"comment_status":"closed","ping_status":"open","template":"fullpage.php","meta":[],"wps_subtitle":"","_links":{"self":[{"href":"https:\/\/www.pannapomodoro.com\/fr\/wp-json\/wp\/v2\/pages\/3"}],"collection":[{"href":"https:\/\/www.pannapomodoro.com\/fr\/wp-json\/wp\/v2\/pages"}],"about":[{"href":"https:\/\/www.pannapomodoro.com\/fr\/wp-json\/wp\/v2\/types\/page"}],"author":[{"embeddable":true,"href":"https:\/\/www.pannapomodoro.com\/fr\/wp-json\/wp\/v2\/users\/1"}],"replies":[{"embeddable":true,"href":"https:\/\/www.pannapomodoro.com\/fr\/wp-json\/wp\/v2\/comments?post=3"}],"version-history":[{"count":32,"href":"https:\/\/www.pannapomodoro.com\/fr\/wp-json\/wp\/v2\/pages\/3\/revisions"}],"predecessor-version":[{"id":637,"href":"https:\/\/www.pannapomodoro.com\/fr\/wp-json\/wp\/v2\/pages\/3\/revisions\/637"}],"wp:attachment":[{"href":"https:\/\/www.pannapomodoro.com\/fr\/wp-json\/wp\/v2\/media?parent=3"}],"curies":[{"name":"wp","href":"https:\/\/api.w.org\/{rel}","templated":true}]}}