{"id":2,"date":"2019-05-14T10:15:51","date_gmt":"2019-05-14T10:15:51","guid":{"rendered":"http:\/\/www.pannapomodoro.com\/?page_id=2"},"modified":"2023-08-18T09:03:31","modified_gmt":"2023-08-18T09:03:31","slug":"pagina-ejemplo","status":"publish","type":"page","link":"https:\/\/www.pannapomodoro.com\/fr\/","title":{"rendered":"Panna &#038; Pomodoro"},"content":{"rendered":"<p><span style=\"font-weight: 400;\">Fond \u00e0 pizza artisanal et Pinsas<\/span><\/p>\n<p>Nos <strong>fonds \u00e0 pizza traditionnels napp\u00e9s de sauce tomate<\/strong>, sont faits \u00e0 l\u2019italienne \u00e0 base d\u2019ingr\u00e9dients minutieusement choisis et 100% naturels.<\/p>\n<p>En quelques minutes de pr\u00e9paration, vous n\u2019aurez qu\u2019\u00e0 ajouter la garniture de votre choix pour savourez le go\u00fbt authentique de la pizza italienne!<\/p>\n<p>Et si vous n\u2019avez pas le temps de choisir la garniture de votre pizza, nous avons pens\u00e9 \u00e0 vous! D\u00e9couvrez notre <strong>Pinsa Romana<\/strong>, tout le savoir-faire, le go\u00fbt<br \/>\nsavoureux et d\u00e9licat de la recette italienne, avec une pate si croustillante et moelleuse, et surtout l\u00e9g\u00e8re et digestible.<\/p>\n<p>Un vrai r\u00e9gal\u00a0qui vous donne envie d\u2019en manger une deuxi\u00e8me\u00a0!<\/p>\n<p><a class=\"boton-popup\" style=\"display: inline-block; text-decoration: none; background-color: #048214; color: white; cursor: pointer; font-family: Helvetica,Arial, sans-serif; font-size: 20px; line-height: 50px; text-align: center; margin: 0; height: 50px; padding: 0px 33px; border-radius: 25px; max-width: 100%; white-space: nowrap; overflow: hidden; text-overflow: ellipsis; font-weight: bold; -webkit-font-smoothing: antialiased; -moz-osx-font-smoothing: grayscale;\" href=\"https:\/\/www.pannapomodoro.com\/fr\/accueil\/espanol-pinsa-no-es-pizza\/\" data-hash=\"daf12b6a\">Quelle est la diff\u00e9rence entre une pina et une pizza?<\/a><\/p>","protected":false},"excerpt":{"rendered":"Fond \u00e0 pizza artisanal et Pinsas Nos fonds \u00e0 pizza traditionnels napp\u00e9s de sauce tomate, sont faits \u00e0 l\u2019italienne \u00e0 base d\u2019ingr\u00e9dients minutieusement choisis et 100% naturels. En quelques minutes de pr\u00e9paration, vous n\u2019aurez qu\u2019\u00e0 ajouter la garniture de votre choix pour savourez le go\u00fbt authentique de la pizza italienne! Et si vous n\u2019avez pas&#8230; <a class=\"view-article\" href=\"https:\/\/www.pannapomodoro.com\/fr\/\">Voir l&rsquo;article<\/a>","protected":false},"author":1,"featured_media":56,"parent":0,"menu_order":0,"comment_status":"closed","ping_status":"open","template":"homepage.php","meta":[],"wps_subtitle":"La tradition italienne dans votre cuisine","_links":{"self":[{"href":"https:\/\/www.pannapomodoro.com\/fr\/wp-json\/wp\/v2\/pages\/2"}],"collection":[{"href":"https:\/\/www.pannapomodoro.com\/fr\/wp-json\/wp\/v2\/pages"}],"about":[{"href":"https:\/\/www.pannapomodoro.com\/fr\/wp-json\/wp\/v2\/types\/page"}],"author":[{"embeddable":true,"href":"https:\/\/www.pannapomodoro.com\/fr\/wp-json\/wp\/v2\/users\/1"}],"replies":[{"embeddable":true,"href":"https:\/\/www.pannapomodoro.com\/fr\/wp-json\/wp\/v2\/comments?post=2"}],"version-history":[{"count":52,"href":"https:\/\/www.pannapomodoro.com\/fr\/wp-json\/wp\/v2\/pages\/2\/revisions"}],"predecessor-version":[{"id":2065,"href":"https:\/\/www.pannapomodoro.com\/fr\/wp-json\/wp\/v2\/pages\/2\/revisions\/2065"}],"wp:featuredmedia":[{"embeddable":true,"href":"https:\/\/www.pannapomodoro.com\/fr\/wp-json\/wp\/v2\/media\/56"}],"wp:attachment":[{"href":"https:\/\/www.pannapomodoro.com\/fr\/wp-json\/wp\/v2\/media?parent=2"}],"curies":[{"name":"wp","href":"https:\/\/api.w.org\/{rel}","templated":true}]}}