{"id":1787,"date":"2023-04-11T13:15:25","date_gmt":"2023-04-11T13:15:25","guid":{"rendered":"https:\/\/www.pannapomodoro.com\/?page_id=1787"},"modified":"2023-11-01T10:39:46","modified_gmt":"2023-11-01T10:39:46","slug":"francais-pizza-gourmet-vegetale","status":"publish","type":"page","link":"https:\/\/www.pannapomodoro.com\/fr\/pizzas-gourmet\/pizza-gourmet-vegetale\/","title":{"rendered":"Pizza Gourmet Vegetale"},"content":{"rendered":"<p>Pizza garnie faite \u00e0 partir d\u2019un mariage parfait de base lev\u00e9e faite d\u2019un m\u00e9lange de plusieurs farines et la \u00ab\u00a0Biga\u00a0\u00bb italienne, puis couronn\u00e9e d\u2019une garniture succulente dont les ingr\u00e9dients ont \u00e9t\u00e9 choisis minutieusement.<\/p>\n<p><img loading=\"lazy\" class=\"alignnone wp-image-1793\" src=\"https:\/\/www.pannapomodoro.com\/wp-content\/uploads\/2023\/04\/Febrero_23_29-scaled-e1681218674771.jpg\" alt=\"\" width=\"1196\" height=\"797\" srcset=\"https:\/\/www.pannapomodoro.com\/wp-content\/uploads\/2023\/04\/Febrero_23_29-scaled-e1681218674771.jpg 2560w, https:\/\/www.pannapomodoro.com\/wp-content\/uploads\/2023\/04\/Febrero_23_29-scaled-e1681218674771-250x167.jpg 250w, https:\/\/www.pannapomodoro.com\/wp-content\/uploads\/2023\/04\/Febrero_23_29-scaled-e1681218674771-700x467.jpg 700w, https:\/\/www.pannapomodoro.com\/wp-content\/uploads\/2023\/04\/Febrero_23_29-scaled-e1681218674771-768x512.jpg 768w, https:\/\/www.pannapomodoro.com\/wp-content\/uploads\/2023\/04\/Febrero_23_29-scaled-e1681218674771-1536x1024.jpg 1536w, https:\/\/www.pannapomodoro.com\/wp-content\/uploads\/2023\/04\/Febrero_23_29-scaled-e1681218674771-2048x1366.jpg 2048w, https:\/\/www.pannapomodoro.com\/wp-content\/uploads\/2023\/04\/Febrero_23_29-scaled-e1681218674771-120x80.jpg 120w\" sizes=\"(max-width: 1196px) 100vw, 1196px\" \/><\/p>\n<p><strong>Mise en \u0153uvre<\/strong><br \/>\nPr\u00e9chauffer le four, la partie sup\u00e9rieure et la partie inf\u00e9rieure, \u00e0 250\u00b0C. Placer la pizza sur la grille et la positionner au centre du four. Cuire 10 ou 12 minutes, selon les pr\u00e9f\u00e9rences. Pour une cuisson plus uniforme, tournez la pizza d&rsquo;environ 180\u00ba \u00e0 mi-cuisson.<\/p>","protected":false},"excerpt":{"rendered":"Pizza garnie faite \u00e0 partir d\u2019un mariage parfait de base lev\u00e9e faite d\u2019un m\u00e9lange de plusieurs farines et la \u00ab\u00a0Biga\u00a0\u00bb italienne, puis couronn\u00e9e d\u2019une garniture succulente dont les ingr\u00e9dients ont \u00e9t\u00e9 choisis minutieusement. Mise en \u0153uvre Pr\u00e9chauffer le four, la partie sup\u00e9rieure et la partie inf\u00e9rieure, \u00e0 250\u00b0C. Placer la pizza sur la grille et&#8230; <a class=\"view-article\" href=\"https:\/\/www.pannapomodoro.com\/fr\/pizzas-gourmet\/pizza-gourmet-vegetale\/\">Voir l&rsquo;article<\/a>","protected":false},"author":1,"featured_media":1791,"parent":1517,"menu_order":0,"comment_status":"closed","ping_status":"closed","template":"product.php","meta":[],"wps_subtitle":"Au l\u00e9gumes grill\u00e9s \u00e0 la plancha","_links":{"self":[{"href":"https:\/\/www.pannapomodoro.com\/fr\/wp-json\/wp\/v2\/pages\/1787"}],"collection":[{"href":"https:\/\/www.pannapomodoro.com\/fr\/wp-json\/wp\/v2\/pages"}],"about":[{"href":"https:\/\/www.pannapomodoro.com\/fr\/wp-json\/wp\/v2\/types\/page"}],"author":[{"embeddable":true,"href":"https:\/\/www.pannapomodoro.com\/fr\/wp-json\/wp\/v2\/users\/1"}],"replies":[{"embeddable":true,"href":"https:\/\/www.pannapomodoro.com\/fr\/wp-json\/wp\/v2\/comments?post=1787"}],"version-history":[{"count":11,"href":"https:\/\/www.pannapomodoro.com\/fr\/wp-json\/wp\/v2\/pages\/1787\/revisions"}],"predecessor-version":[{"id":2123,"href":"https:\/\/www.pannapomodoro.com\/fr\/wp-json\/wp\/v2\/pages\/1787\/revisions\/2123"}],"up":[{"embeddable":true,"href":"https:\/\/www.pannapomodoro.com\/fr\/wp-json\/wp\/v2\/pages\/1517"}],"wp:featuredmedia":[{"embeddable":true,"href":"https:\/\/www.pannapomodoro.com\/fr\/wp-json\/wp\/v2\/media\/1791"}],"wp:attachment":[{"href":"https:\/\/www.pannapomodoro.com\/fr\/wp-json\/wp\/v2\/media?parent=1787"}],"curies":[{"name":"wp","href":"https:\/\/api.w.org\/{rel}","templated":true}]}}