{"id":16,"date":"2019-05-15T08:40:35","date_gmt":"2019-05-15T08:40:35","guid":{"rendered":"http:\/\/www.pannapomodoro.com\/?page_id=16"},"modified":"2023-07-27T13:57:25","modified_gmt":"2023-07-27T13:57:25","slug":"contacto","status":"publish","type":"page","link":"https:\/\/www.pannapomodoro.com\/fr\/contact\/","title":{"rendered":"Contact"},"content":{"rendered":"<p><img class=\"wp-image-543 aligncenter\" src=\"https:\/\/www.pannapomodoro.com\/wp-content\/uploads\/2021\/01\/i-love-pizza.png\" alt=\"\" width=\" 242\" srcset=\"https:\/\/www.pannapomodoro.com\/wp-content\/uploads\/2021\/01\/i-love-pizza.png 895w, https:\/\/www.pannapomodoro.com\/wp-content\/uploads\/2021\/01\/i-love-pizza-250x247.png 250w, https:\/\/www.pannapomodoro.com\/wp-content\/uploads\/2021\/01\/i-love-pizza-768x758.png 768w, https:\/\/www.pannapomodoro.com\/wp-content\/uploads\/2021\/01\/i-love-pizza-700x691.png 700w, https:\/\/www.pannapomodoro.com\/wp-content\/uploads\/2021\/01\/i-love-pizza-120x118.png 120w\" sizes=\"(max-width: 895px) 100vw, 895px\" \/><\/p>\n<p style=\"text-align: center;\">Si vous avez des questions, des commentaires ou des requ\u00eates, vous pouvez remplir le formulaire de contact disponible sur cette page ou, si vous pr\u00e9f\u00e9rez, <a href=\"https:\/\/api.whatsapp.com\/send?phone=34928543471\" target=\"_blank\" rel=\"noopener\">\u00e9crivez-nous par WhatsApp<\/a>.<\/p>\n<p style=\"text-align: center;\">N&rsquo;oubliez pas de nous suivre sur nos <a href=\"https:\/\/linktr.ee\/pannapomodoro\">r\u00e9seaux sociaux<\/a> pour vous tenir au courant de nos actualit\u00e9s.<\/p>\n<blockquote class=\"instagram-media\" style=\"background: #FFF; border: 0; border-radius: 3px; box-shadow: 0 0 1px 0 rgba(0,0,0,0.5),0 1px 10px 0 rgba(0,0,0,0.15); marge: 1\u00a0px; largeur maximale: 540\u00a0px; largeur minimale: 326\u00a0px; rembourrage: 0; largeur: calc(100\u00a0% - 2px);\" data-instgrm-captioned=\"\" data-instgrm-permalink=\"https:\/\/www.instagram.com\/p\/BPHz64eg732\/?utm_source=ig_embed&amp;utm_campaign=loading\" data-instgrm-version=\"14\">\n<div style=\"padding: 16px;\">\n<p>&nbsp;<\/p>\n<div style=\"display: flex; flex-direction: ligne; align-items: center;\">\n<div style=\"background-color: #f4f4f4; border-radius: 50\u00a0%; flex-grow: 0; hauteur: 40\u00a0px; margin-right: 14\u00a0px; largeur: 40\u00a0px;\"><\/div>\n<div style=\"display: flex; flex-direction: colonne; flex-grow: 1; justifier-contenu: centre;\">\n<div style=\"background-color: #f4f4f4; border-radius: 4\u00a0px; flex-grow: 0; hauteur: 14\u00a0px; margin-bottom: 6\u00a0px; largeur: 100\u00a0px;\"><\/div>\n<div style=\"background-color: #f4f4f4; border-radius: 4px; flex-grow: 0; hauteur: 14px; largeur: 60px;\"><\/div>\n<\/div>\n<\/div>\n<div style=\"remplissage: 19\u00a0% 0;\"><\/div>\n<div style=\"affichage: bloc; hauteur: 50\u00a0pixels; marge: 0 auto 12\u00a0pixels; largeur: 50\u00a0pixels;\"><\/div>\n<div style=\"padding-top: 8px;\">\n<div style=\"color: #3897f0; font-family: Arial,sans-serif; font-size: 14px; font-style: normal; font-weight: 550; line-height: 18px;\">Voir ce message sur Instagram<\/div>\n<\/div>\n<div style=\"remplissage: 12,5\u00a0% 0;\"><\/div>\n<div style=\"display: flex; flex-direction: ligne; margin-bottom: 14px; align-items: center;\">\n<div>\n<div style=\"background-color: #f4f4f4; border-radius: 50\u00a0%; hauteur: 12,5\u00a0px; largeur: 12,5\u00a0px; transformation: translateX(0px) translateY(7px);\"><\/div>\n<div style=\"background-color: #f4f4f4; hauteur: 12,5\u00a0pixels; transformation: rotation (-45\u00a0deg) translateX(3px) translateY(1px); largeur: 12,5\u00a0px; flex-grow: 0; margin-right: 14px; marge-gauche: 2\u00a0px;\"><\/div>\n<div style=\"background-color: #f4f4f4; border-radius: 50\u00a0%; hauteur: 12,5\u00a0px; largeur: 12,5\u00a0px; transformation: translateX(9px) translateY(-18px);\"><\/div>\n<\/div>\n<div style=\"margin-left: 8px;\">\n<div style=\"background-color: #f4f4f4; border-radius: 50\u00a0%; flex-grow: 0; hauteur: 20\u00a0px; largeur: 20\u00a0px;\"><\/div>\n<div style=\"width: 0; hauteur: 0; border-top: 2\u00a0px solide transparent; border-left: 6\u00a0px solide #f4f4f4; border-bottom: 2\u00a0px solide transparent; transformer: translateX(16px) translateY(-4px) rotate (30deg);\"><\/div>\n<\/div>\n<div style=\"margin-left: auto;\">\n<div style=\"width: 0px; border-top: 8px solid #F4F4F4; border-right: 8px solid transparent; transform: translateY(16px);\"><\/div>\n<div style=\"background-color: #f4f4f4; flex-grow: 0; hauteur: 12\u00a0px; largeur: 16\u00a0px; transformation: translateY(-4px);\"><\/div>\n<div style=\"width: 0; hauteur: 0; border-top: 8px solid #F4F4F4; border-left: 8px solid transparent; transformer: translateY(-4px) translateX(8px);\"><\/div>\n<\/div>\n<\/div>\n<div style=\"affichage: flex; flex-direction: colonne; flex-grow: 1; justifier-contenu: centre; marge-bas: 24\u00a0px;\">\n<div style=\"background-color: #f4f4f4; border-radius: 4\u00a0px; flex-grow: 0; hauteur: 14\u00a0px; margin-bottom: 6\u00a0px; largeur: 224\u00a0px;\"><\/div>\n<div style=\"background-color: #f4f4f4; border-radius: 4px; flex-grow: 0; hauteur: 14px; largeur: 144px;\"><\/div>\n<\/div>\n<p>&nbsp;<\/p>\n<p style=\"color: #c9c8cd; font-family: Arial,sans-serif; font-size: 14px; line-height: 17px; margin-bottom: 0; margin-top: 8px; d\u00e9bordement: masqu\u00e9; rembourrage: 8px 0 7px; text-align: center; text-overflow: ellipse; white-space: nowrap;\"><a style=\"color: #c9c8cd; font-family: Arial,sans-serif; font-size: 14px; font-style: normal; font-weight: normal; line-height: 17\u00a0px; text-decoration: aucun;\" href=\"https:\/\/www.instagram.com\/p\/BPHz64eg732\/?utm_source=ig_embed&amp;utm_campaign=loading\" target=\"_blank\" rel=\"noopener\">Une publication partag\u00e9e par Panna &amp; Pomodoro (@pannapomodoro)<\/a><\/p>\n<\/div>\n<\/blockquote>\n<p><script async src=\"\/\/www.instagram.com\/embed.js\"><\/script><\/p>","protected":false},"excerpt":{"rendered":"Si vous avez des questions, des commentaires ou des requ\u00eates, vous pouvez remplir le formulaire de contact disponible sur cette page ou, si vous pr\u00e9f\u00e9rez, \u00e9crivez-nous par WhatsApp. N&rsquo;oubliez pas de nous suivre sur nos r\u00e9seaux sociaux pour vous tenir au courant de nos actualit\u00e9s. &nbsp; Voir ce message sur Instagram &nbsp; Une publication partag\u00e9e&#8230; <a class=\"view-article\" href=\"https:\/\/www.pannapomodoro.com\/fr\/contact\/\">Voir l&rsquo;article<\/a>","protected":false},"author":1,"featured_media":0,"parent":0,"menu_order":0,"comment_status":"closed","ping_status":"closed","template":"contact.php","meta":[],"wps_subtitle":"Nous r\u00e9pondons \u00e0 vos questions","_links":{"self":[{"href":"https:\/\/www.pannapomodoro.com\/fr\/wp-json\/wp\/v2\/pages\/16"}],"collection":[{"href":"https:\/\/www.pannapomodoro.com\/fr\/wp-json\/wp\/v2\/pages"}],"about":[{"href":"https:\/\/www.pannapomodoro.com\/fr\/wp-json\/wp\/v2\/types\/page"}],"author":[{"embeddable":true,"href":"https:\/\/www.pannapomodoro.com\/fr\/wp-json\/wp\/v2\/users\/1"}],"replies":[{"embeddable":true,"href":"https:\/\/www.pannapomodoro.com\/fr\/wp-json\/wp\/v2\/comments?post=16"}],"version-history":[{"count":30,"href":"https:\/\/www.pannapomodoro.com\/fr\/wp-json\/wp\/v2\/pages\/16\/revisions"}],"predecessor-version":[{"id":2162,"href":"https:\/\/www.pannapomodoro.com\/fr\/wp-json\/wp\/v2\/pages\/16\/revisions\/2162"}],"wp:attachment":[{"href":"https:\/\/www.pannapomodoro.com\/fr\/wp-json\/wp\/v2\/media?parent=16"}],"curies":[{"name":"wp","href":"https:\/\/api.w.org\/{rel}","templated":true}]}}