{"id":1576,"date":"2022-11-10T11:24:26","date_gmt":"2022-11-10T11:24:26","guid":{"rendered":"https:\/\/www.pannapomodoro.com\/?page_id=1576"},"modified":"2026-02-16T16:22:16","modified_gmt":"2026-02-16T16:22:16","slug":"pan-de-ajo","status":"publish","type":"page","link":"https:\/\/www.pannapomodoro.com\/fr\/pates-a-pizza\/pain-a-lail\/","title":{"rendered":"Pain \u00e0 l\u2019ail"},"content":{"rendered":"<p>Pains frais garni avec un m\u00e9lange d\u2019ail, de persil et d\u2019huile d\u2019olive.<br \/>\nPr\u00e9par\u00e9 \u00e0 partir d\u2019ingr\u00e9dients 100% naturels ; farine, sel et levain.<\/p>\n<p>Croustillant et l\u00e9ger, Id\u00e9al en ap\u00e9ritif!<\/p>\n<p>Aimez-vous l&rsquo;ar\u00f4me irr\u00e9sistible de l&rsquo;ail fra\u00eechement cuit ? Et si je vous disais que maintenant vous pouvez en profiter \u00e0 chaque bouch\u00e9e ? Nous vous pr\u00e9sentons notre pain \u00e0 l&rsquo;ail, une tentation pr\u00eate \u00e0 conqu\u00e9rir votre palais.<\/p>\n<p>Le pain \u00e0 l&rsquo;ail Panna Pomodoro est l&rsquo;accompagnement parfait de vos aliments pr\u00e9f\u00e9r\u00e9s. Avec une recette traditionnelle et pr\u00e9par\u00e9e avec soin, notre pain est moelleux \u00e0 l&rsquo;int\u00e9rieur et croustillant \u00e0 l&rsquo;ext\u00e9rieur. Chaque tranche est infus\u00e9e d&rsquo;un m\u00e9lange sp\u00e9cial d&rsquo;ail frais et d&rsquo;\u00e9pices s\u00e9lectionn\u00e9es, pour vous apporter une saveur unique et d\u00e9licieuse.<\/p>\n<p>Le pain \u00e0 l&rsquo;ail est g\u00e9n\u00e9ralement au d\u00e9but des d\u00e9jeuners dans les restaurants de toute l&rsquo;Espagne. Nous avons \u00e9t\u00e9 encourag\u00e9s \u00e0 essayer notre propre recette pour maintenant l&rsquo;apporter \u00e0 la table des foyers.<\/p>\n<p>Notre pain \u00e0 l&rsquo;ail est aussi polyvalent que d\u00e9licieux. Vous pouvez le d\u00e9guster en ap\u00e9ritif, le combiner avec vos plats de p\u00e2tes pr\u00e9f\u00e9r\u00e9s ou l&rsquo;int\u00e9grer \u00e0 vos recettes de sandwichs. De plus, \u00e9tant r\u00e9frig\u00e9r\u00e9, il conserve sa fra\u00eecheur et sa saveur plus longtemps, pr\u00eat \u00e0 satisfaire vos envies \u00e0 tout moment.<\/p>\n<p>Comme il est de coutume dans nos recettes, nous recherchons un \u00e9quilibre d&rsquo;ingr\u00e9dients simples mais essentiels dans la cuisine tels que l&rsquo;eau, la farine, le sel, l&rsquo;huile d&rsquo;olive, l&rsquo;ail et le persil.<\/p>\n<p>La p\u00e2te fermente pendant environ 48 heures, combin\u00e9e avec le processus enti\u00e8rement \u00e0 la main.<br \/>\nGr\u00e2ce au p\u00e9trissage manuel et \u00e0 notre four en pierre r\u00e9fractaire, nous obtenons une p\u00e2te spongieuse et d\u00e9licieuse, dont l&rsquo;ar\u00f4me et la texture caract\u00e9ristiques sont garantis d\u00e8s l&rsquo;ouverture du r\u00e9cipient jusqu&rsquo;\u00e0 sa mise en bouche.<\/p>\n<p><img loading=\"lazy\" class=\"alignnone wp-image-1770 \" src=\"https:\/\/www.pannapomodoro.com\/wp-content\/uploads\/2023\/04\/Febrero_23_30-scaled-e1681216139552.jpg\" alt=\"\" width=\"1056\" height=\"704\" srcset=\"https:\/\/www.pannapomodoro.com\/wp-content\/uploads\/2023\/04\/Febrero_23_30-scaled-e1681216139552.jpg 2560w, https:\/\/www.pannapomodoro.com\/wp-content\/uploads\/2023\/04\/Febrero_23_30-scaled-e1681216139552-250x167.jpg 250w, https:\/\/www.pannapomodoro.com\/wp-content\/uploads\/2023\/04\/Febrero_23_30-scaled-e1681216139552-700x467.jpg 700w, https:\/\/www.pannapomodoro.com\/wp-content\/uploads\/2023\/04\/Febrero_23_30-scaled-e1681216139552-768x512.jpg 768w, https:\/\/www.pannapomodoro.com\/wp-content\/uploads\/2023\/04\/Febrero_23_30-scaled-e1681216139552-1536x1024.jpg 1536w, https:\/\/www.pannapomodoro.com\/wp-content\/uploads\/2023\/04\/Febrero_23_30-scaled-e1681216139552-2048x1366.jpg 2048w, https:\/\/www.pannapomodoro.com\/wp-content\/uploads\/2023\/04\/Febrero_23_30-scaled-e1681216139552-120x80.jpg 120w\" sizes=\"(max-width: 1056px) 100vw, 1056px\" \/><\/p>\n<p><strong>Mise en \u0153uvre<\/strong><\/p>\n<p>1.Pr\u00e9chauffer le four, la partie sup\u00e9rieure et la partie inf\u00e9rieure, \u00e0 250\u00b0C (avec ventilation).<br \/>\n2. Placer le pain \u00e0 l&rsquo;ail sur la grille et le placer au centre du four.<br \/>\n3. le Cuire 4-5 minutes (selon pr\u00e9f\u00e9rence) jusqu&rsquo;\u00e0 ce que le pain soit dor\u00e9.<br \/>\n4. Pour une r\u00e9g\u00e9n\u00e9ration plus uniforme, tourner le pain \u00e0 l&rsquo;ail d&rsquo;environ 180\u00ba \u00e0 mi-cuisson.<\/p>","protected":false},"excerpt":{"rendered":"Pains frais garni avec un m\u00e9lange d\u2019ail, de persil et d\u2019huile d\u2019olive. Pr\u00e9par\u00e9 \u00e0 partir d\u2019ingr\u00e9dients 100% naturels ; farine, sel et levain. Croustillant et l\u00e9ger, Id\u00e9al en ap\u00e9ritif! Aimez-vous l&rsquo;ar\u00f4me irr\u00e9sistible de l&rsquo;ail fra\u00eechement cuit ? Et si je vous disais que maintenant vous pouvez en profiter \u00e0 chaque bouch\u00e9e ? Nous vous pr\u00e9sentons&#8230; <a class=\"view-article\" href=\"https:\/\/www.pannapomodoro.com\/fr\/pates-a-pizza\/pain-a-lail\/\">Voir l&rsquo;article<\/a>","protected":false},"author":1,"featured_media":1538,"parent":10,"menu_order":0,"comment_status":"closed","ping_status":"closed","template":"product.php","meta":[],"wps_subtitle":"Id\u00e9al en ap\u00e9ritif","_links":{"self":[{"href":"https:\/\/www.pannapomodoro.com\/fr\/wp-json\/wp\/v2\/pages\/1576"}],"collection":[{"href":"https:\/\/www.pannapomodoro.com\/fr\/wp-json\/wp\/v2\/pages"}],"about":[{"href":"https:\/\/www.pannapomodoro.com\/fr\/wp-json\/wp\/v2\/types\/page"}],"author":[{"embeddable":true,"href":"https:\/\/www.pannapomodoro.com\/fr\/wp-json\/wp\/v2\/users\/1"}],"replies":[{"embeddable":true,"href":"https:\/\/www.pannapomodoro.com\/fr\/wp-json\/wp\/v2\/comments?post=1576"}],"version-history":[{"count":32,"href":"https:\/\/www.pannapomodoro.com\/fr\/wp-json\/wp\/v2\/pages\/1576\/revisions"}],"predecessor-version":[{"id":2180,"href":"https:\/\/www.pannapomodoro.com\/fr\/wp-json\/wp\/v2\/pages\/1576\/revisions\/2180"}],"up":[{"embeddable":true,"href":"https:\/\/www.pannapomodoro.com\/fr\/wp-json\/wp\/v2\/pages\/10"}],"wp:featuredmedia":[{"embeddable":true,"href":"https:\/\/www.pannapomodoro.com\/fr\/wp-json\/wp\/v2\/media\/1538"}],"wp:attachment":[{"href":"https:\/\/www.pannapomodoro.com\/fr\/wp-json\/wp\/v2\/media?parent=1576"}],"curies":[{"name":"wp","href":"https:\/\/api.w.org\/{rel}","templated":true}]}}