{"id":1324,"date":"2022-04-26T09:40:03","date_gmt":"2022-04-26T09:40:03","guid":{"rendered":"https:\/\/www.pannapomodoro.com\/?page_id=1324"},"modified":"2023-11-02T14:49:50","modified_gmt":"2023-11-02T14:49:50","slug":"base-pinsa-la-blanca","status":"publish","type":"page","link":"https:\/\/www.pannapomodoro.com\/fr\/pinsas\/base-pinsa-la-blanca\/","title":{"rendered":"Pinsa Bianca"},"content":{"rendered":"<p>Produit artisanal frais, \u00e0 base d\u2019ingr\u00e9dients 100% naturels, matur\u00e9 plus de 48 heures, \u00e9tal\u00e9 \u00e0 la main et cuit \u00e0 haute temp\u00e9rature au four \u00e0 pierre r\u00e9fractaire.<\/p>\n<p id=\"tw-target-text\" class=\"tw-data-text tw-text-large tw-ta\" dir=\"ltr\" data-placeholder=\"Traducci\u00f3n\"><em><span class=\"Y2IQFc\" lang=\"fr\">Il n&rsquo;a pas besoin de r\u00e9frig\u00e9ration. <\/span>A conserver dans un endroit frais et sec. Produit conditionn\u00e9 sous atmosph\u00e8re protectrice.<\/em><\/p>\n<p dir=\"ltr\" data-placeholder=\"Traducci\u00f3n\"><img loading=\"lazy\" class=\"alignnone wp-image-1768\" src=\"https:\/\/www.pannapomodoro.com\/wp-content\/uploads\/2023\/04\/Pan-Focaccia-Fondo-ore\u0301gano.jpg\" alt=\"\" width=\"396\" height=\"262\" srcset=\"https:\/\/www.pannapomodoro.com\/wp-content\/uploads\/2023\/04\/Pan-Focaccia-Fondo-ore\u0301gano.jpg 1546w, https:\/\/www.pannapomodoro.com\/wp-content\/uploads\/2023\/04\/Pan-Focaccia-Fondo-ore\u0301gano-250x166.jpg 250w, https:\/\/www.pannapomodoro.com\/wp-content\/uploads\/2023\/04\/Pan-Focaccia-Fondo-ore\u0301gano-700x464.jpg 700w, https:\/\/www.pannapomodoro.com\/wp-content\/uploads\/2023\/04\/Pan-Focaccia-Fondo-ore\u0301gano-768x509.jpg 768w, https:\/\/www.pannapomodoro.com\/wp-content\/uploads\/2023\/04\/Pan-Focaccia-Fondo-ore\u0301gano-1536x1017.jpg 1536w, https:\/\/www.pannapomodoro.com\/wp-content\/uploads\/2023\/04\/Pan-Focaccia-Fondo-ore\u0301gano-120x79.jpg 120w\" sizes=\"(max-width: 396px) 100vw, 396px\" \/><\/p>\n<p>L&rsquo;ar\u00f4me et la texture de notre Pinsa sont parfaitement conserv\u00e9s et arrivent \u00e0 votre table comme s&rsquo;ils sortaient de notre four.<\/p>\n<p><strong>Pr\u00e9paration :<\/strong><\/p>\n<p>1. Retirez votre pinsa de l&#8217;emballage.<\/p>\n<p>2. Pr\u00e9chauffez le four \u00e0 250\u00b0C, la partie sup\u00e9rieure et la partie inf\u00e9rieure.<\/p>\n<p>3. Placez votre pinsa sur la grille \u00e0 mi-hauteur.<\/p>\n<p>4. Faites cuire 6 \u00e0 8 minutes, selon les pr\u00e9f\u00e9rences.<\/p>\n<p>5. Pour une cuisson plus uniforme, tournez votre pinsa d&rsquo;environ 180\u00ba \u00e0 mi-cuisson.<\/p>\n<p>6. Ajoutez les ingr\u00e9dients de votre choix.<\/p>\n<p>&nbsp;<\/p>\n<p><strong>Suggestions :<\/strong><\/p>\n<p>Pour une Focaccia traditionnelle, \u00e0 la sortie du four ajoutez : De l\u2019huile d\u2019olive, du romarin et du gros sel.<\/p>\n<p><img loading=\"lazy\" class=\"alignnone wp-image-1861\" src=\"https:\/\/www.pannapomodoro.com\/wp-content\/uploads\/2023\/04\/Abril_23_1-scaled.jpg\" alt=\"\" width=\"380\" height=\"570\" srcset=\"https:\/\/www.pannapomodoro.com\/wp-content\/uploads\/2023\/04\/Abril_23_1-scaled.jpg 1707w, https:\/\/www.pannapomodoro.com\/wp-content\/uploads\/2023\/04\/Abril_23_1-250x375.jpg 250w, https:\/\/www.pannapomodoro.com\/wp-content\/uploads\/2023\/04\/Abril_23_1-700x1050.jpg 700w, https:\/\/www.pannapomodoro.com\/wp-content\/uploads\/2023\/04\/Abril_23_1-768x1152.jpg 768w, https:\/\/www.pannapomodoro.com\/wp-content\/uploads\/2023\/04\/Abril_23_1-1024x1536.jpg 1024w, https:\/\/www.pannapomodoro.com\/wp-content\/uploads\/2023\/04\/Abril_23_1-1365x2048.jpg 1365w, https:\/\/www.pannapomodoro.com\/wp-content\/uploads\/2023\/04\/Abril_23_1-120x180.jpg 120w\" sizes=\"(max-width: 380px) 100vw, 380px\" \/><\/p>\n<p>Ou bien de la sauce Tumaca et des tranches de jambon serrano.<\/p>\n<p><img loading=\"lazy\" class=\"alignnone wp-image-1863\" src=\"https:\/\/www.pannapomodoro.com\/wp-content\/uploads\/2023\/04\/Abril_23_7-scaled.jpg\" alt=\"\" width=\"383\" height=\"575\" srcset=\"https:\/\/www.pannapomodoro.com\/wp-content\/uploads\/2023\/04\/Abril_23_7-scaled.jpg 1707w, https:\/\/www.pannapomodoro.com\/wp-content\/uploads\/2023\/04\/Abril_23_7-250x375.jpg 250w, https:\/\/www.pannapomodoro.com\/wp-content\/uploads\/2023\/04\/Abril_23_7-700x1050.jpg 700w, https:\/\/www.pannapomodoro.com\/wp-content\/uploads\/2023\/04\/Abril_23_7-768x1152.jpg 768w, https:\/\/www.pannapomodoro.com\/wp-content\/uploads\/2023\/04\/Abril_23_7-1024x1536.jpg 1024w, https:\/\/www.pannapomodoro.com\/wp-content\/uploads\/2023\/04\/Abril_23_7-1365x2048.jpg 1365w, https:\/\/www.pannapomodoro.com\/wp-content\/uploads\/2023\/04\/Abril_23_7-120x180.jpg 120w\" sizes=\"(max-width: 383px) 100vw, 383px\" \/><\/p>\n<p>Pour les plus gourmands, ajoutez du saumon fum\u00e9, du fromage cottage et de la roquette assaisonn\u00e9e (huile d\u2019olive, sel et poivre).<\/p>\n<p><img loading=\"lazy\" class=\"alignnone wp-image-1864\" src=\"https:\/\/www.pannapomodoro.com\/wp-content\/uploads\/2023\/04\/Abril_23_9-scaled.jpg\" alt=\"\" width=\"382\" height=\"573\" srcset=\"https:\/\/www.pannapomodoro.com\/wp-content\/uploads\/2023\/04\/Abril_23_9-scaled.jpg 1707w, https:\/\/www.pannapomodoro.com\/wp-content\/uploads\/2023\/04\/Abril_23_9-250x375.jpg 250w, https:\/\/www.pannapomodoro.com\/wp-content\/uploads\/2023\/04\/Abril_23_9-700x1050.jpg 700w, https:\/\/www.pannapomodoro.com\/wp-content\/uploads\/2023\/04\/Abril_23_9-768x1152.jpg 768w, https:\/\/www.pannapomodoro.com\/wp-content\/uploads\/2023\/04\/Abril_23_9-1024x1536.jpg 1024w, https:\/\/www.pannapomodoro.com\/wp-content\/uploads\/2023\/04\/Abril_23_9-1365x2048.jpg 1365w, https:\/\/www.pannapomodoro.com\/wp-content\/uploads\/2023\/04\/Abril_23_9-120x180.jpg 120w\" sizes=\"(max-width: 382px) 100vw, 382px\" \/><\/p>","protected":false},"excerpt":{"rendered":"Produit artisanal frais, \u00e0 base d\u2019ingr\u00e9dients 100% naturels, matur\u00e9 plus de 48 heures, \u00e9tal\u00e9 \u00e0 la main et cuit \u00e0 haute temp\u00e9rature au four \u00e0 pierre r\u00e9fractaire. Il n&rsquo;a pas besoin de r\u00e9frig\u00e9ration. A conserver dans un endroit frais et sec. Produit conditionn\u00e9 sous atmosph\u00e8re protectrice. L&rsquo;ar\u00f4me et la texture de notre Pinsa sont parfaitement&#8230; <a class=\"view-article\" href=\"https:\/\/www.pannapomodoro.com\/fr\/pinsas\/base-pinsa-la-blanca\/\">Voir l&rsquo;article<\/a>","protected":false},"author":1,"featured_media":1868,"parent":1513,"menu_order":0,"comment_status":"closed","ping_status":"closed","template":"product.php","meta":[],"wps_subtitle":"Pr\u00e9parez-le comme vous le souhaitez","_links":{"self":[{"href":"https:\/\/www.pannapomodoro.com\/fr\/wp-json\/wp\/v2\/pages\/1324"}],"collection":[{"href":"https:\/\/www.pannapomodoro.com\/fr\/wp-json\/wp\/v2\/pages"}],"about":[{"href":"https:\/\/www.pannapomodoro.com\/fr\/wp-json\/wp\/v2\/types\/page"}],"author":[{"embeddable":true,"href":"https:\/\/www.pannapomodoro.com\/fr\/wp-json\/wp\/v2\/users\/1"}],"replies":[{"embeddable":true,"href":"https:\/\/www.pannapomodoro.com\/fr\/wp-json\/wp\/v2\/comments?post=1324"}],"version-history":[{"count":31,"href":"https:\/\/www.pannapomodoro.com\/fr\/wp-json\/wp\/v2\/pages\/1324\/revisions"}],"predecessor-version":[{"id":2143,"href":"https:\/\/www.pannapomodoro.com\/fr\/wp-json\/wp\/v2\/pages\/1324\/revisions\/2143"}],"up":[{"embeddable":true,"href":"https:\/\/www.pannapomodoro.com\/fr\/wp-json\/wp\/v2\/pages\/1513"}],"wp:featuredmedia":[{"embeddable":true,"href":"https:\/\/www.pannapomodoro.com\/fr\/wp-json\/wp\/v2\/media\/1868"}],"wp:attachment":[{"href":"https:\/\/www.pannapomodoro.com\/fr\/wp-json\/wp\/v2\/media?parent=1324"}],"curies":[{"name":"wp","href":"https:\/\/api.w.org\/{rel}","templated":true}]}}