{"id":129,"date":"2019-06-03T09:43:34","date_gmt":"2019-06-03T09:43:34","guid":{"rendered":"http:\/\/www.pannapomodoro.com\/?page_id=129"},"modified":"2023-08-01T13:52:37","modified_gmt":"2023-08-01T13:52:37","slug":"base-para-pizzas","status":"publish","type":"page","link":"https:\/\/www.pannapomodoro.com\/fr\/base-de-pizza\/","title":{"rendered":"Service de base de pizza pour entreprises"},"content":{"rendered":"<p>Ici, vous pouvez voir toutes les options pour votre commerce et t\u00e9l\u00e9charger notre catalogue. Vous pouvez nous demander un devis d\u2019entreprise en remplissant le formulaire de demande de devis. Nous vous r\u00e9pondrons dans les plus brefs d\u00e9lais.<\/p>\n<p><strong>Vous voulez savoir quelle est la diff\u00e9rence entre une pina et une pizza?<\/strong><br \/>\n<a class=\"boton-popup\" style=\"display: inline-block; text-decoration: none; background-color: #048214; color: white; cursor: pointer; font-family: Helvetica,Arial, sans-serif; font-size: 20px; line-height: 50px; text-align: center; margin: 0; height: 50px; padding: 0px 33px; border-radius: 25px; max-width: 100%; white-space: nowrap; overflow: hidden; text-overflow: ellipsis; font-weight: bold; -webkit-font-smoothing: antialiased; -moz-osx-font-smoothing: grayscale;\" href=\"https:\/\/www.pannapomodoro.com\/inicio\/pinsa-no-es-pizza\/\" data-hash=\"daf12b6a\">On vous dit ici<\/a><\/p>","protected":false},"excerpt":{"rendered":"Ici, vous pouvez voir toutes les options pour votre commerce et t\u00e9l\u00e9charger notre catalogue. Vous pouvez nous demander un devis d\u2019entreprise en remplissant le formulaire de demande de devis. Nous vous r\u00e9pondrons dans les plus brefs d\u00e9lais. Vous voulez savoir quelle est la diff\u00e9rence entre une pina et une pizza? On vous dit ici","protected":false},"author":1,"featured_media":111,"parent":0,"menu_order":0,"comment_status":"closed","ping_status":"closed","template":"category.php","meta":[],"wps_subtitle":"Cha\u00eene Horeca","_links":{"self":[{"href":"https:\/\/www.pannapomodoro.com\/fr\/wp-json\/wp\/v2\/pages\/129"}],"collection":[{"href":"https:\/\/www.pannapomodoro.com\/fr\/wp-json\/wp\/v2\/pages"}],"about":[{"href":"https:\/\/www.pannapomodoro.com\/fr\/wp-json\/wp\/v2\/types\/page"}],"author":[{"embeddable":true,"href":"https:\/\/www.pannapomodoro.com\/fr\/wp-json\/wp\/v2\/users\/1"}],"replies":[{"embeddable":true,"href":"https:\/\/www.pannapomodoro.com\/fr\/wp-json\/wp\/v2\/comments?post=129"}],"version-history":[{"count":19,"href":"https:\/\/www.pannapomodoro.com\/fr\/wp-json\/wp\/v2\/pages\/129\/revisions"}],"predecessor-version":[{"id":2055,"href":"https:\/\/www.pannapomodoro.com\/fr\/wp-json\/wp\/v2\/pages\/129\/revisions\/2055"}],"wp:featuredmedia":[{"embeddable":true,"href":"https:\/\/www.pannapomodoro.com\/fr\/wp-json\/wp\/v2\/media\/111"}],"wp:attachment":[{"href":"https:\/\/www.pannapomodoro.com\/fr\/wp-json\/wp\/v2\/media?parent=129"}],"curies":[{"name":"wp","href":"https:\/\/api.w.org\/{rel}","templated":true}]}}