{"id":10,"date":"2019-05-15T08:41:54","date_gmt":"2019-05-15T08:41:54","guid":{"rendered":"http:\/\/www.pannapomodoro.com\/?page_id=10"},"modified":"2023-07-27T12:46:27","modified_gmt":"2023-07-27T12:46:27","slug":"productos","status":"publish","type":"page","link":"https:\/\/www.pannapomodoro.com\/fr\/pates-a-pizza\/","title":{"rendered":"Produits Panna&#038;Pomodoro"},"content":{"rendered":"<p>Ce sont nos <strong>Bases pour pizzas et Pinsas<\/strong> que vous pouvez trouver dans les <a href=\"https:\/\/www.pannapomodoro.com\/distribuidores\/\">meilleurs supermarch\u00e9s<\/a> et magasins sp\u00e9cialis\u00e9s.<\/p>\n<p>Cliquez sur chaque produit pour en savoir plus sur eux !<\/p>\n<p>Vous pouvez \u00e9galement voir nos <a href=\"https:\/\/www.pannapomodoro.com\/blog\/\">id\u00e9es savoureuses<\/a> qui vous inspireront lorsque vous cuisinerez.<\/p>\n<p>Connectez-vous \u00e0 notre <a href=\"https:\/\/www.pannapomodoro.com\/contacto\/\">communaut\u00e9 d&rsquo;amateurs de pizza<\/a>.<\/p>","protected":false},"excerpt":{"rendered":"Ce sont nos Bases pour pizzas et Pinsas que vous pouvez trouver dans les meilleurs supermarch\u00e9s et magasins sp\u00e9cialis\u00e9s. Cliquez sur chaque produit pour en savoir plus sur eux ! Vous pouvez \u00e9galement voir nos id\u00e9es savoureuses qui vous inspireront lorsque vous cuisinerez. Connectez-vous \u00e0 notre communaut\u00e9 d&rsquo;amateurs de pizza.","protected":false},"author":1,"featured_media":0,"parent":0,"menu_order":0,"comment_status":"closed","ping_status":"closed","template":"category.php","meta":[],"wps_subtitle":"P\u00e2tes \u00e0 pizza et Pinsa","_links":{"self":[{"href":"https:\/\/www.pannapomodoro.com\/fr\/wp-json\/wp\/v2\/pages\/10"}],"collection":[{"href":"https:\/\/www.pannapomodoro.com\/fr\/wp-json\/wp\/v2\/pages"}],"about":[{"href":"https:\/\/www.pannapomodoro.com\/fr\/wp-json\/wp\/v2\/types\/page"}],"author":[{"embeddable":true,"href":"https:\/\/www.pannapomodoro.com\/fr\/wp-json\/wp\/v2\/users\/1"}],"replies":[{"embeddable":true,"href":"https:\/\/www.pannapomodoro.com\/fr\/wp-json\/wp\/v2\/comments?post=10"}],"version-history":[{"count":32,"href":"https:\/\/www.pannapomodoro.com\/fr\/wp-json\/wp\/v2\/pages\/10\/revisions"}],"predecessor-version":[{"id":2048,"href":"https:\/\/www.pannapomodoro.com\/fr\/wp-json\/wp\/v2\/pages\/10\/revisions\/2048"}],"wp:attachment":[{"href":"https:\/\/www.pannapomodoro.com\/fr\/wp-json\/wp\/v2\/media?parent=10"}],"curies":[{"name":"wp","href":"https:\/\/api.w.org\/{rel}","templated":true}]}}