{"id":8,"date":"2019-05-15T08:39:08","date_gmt":"2019-05-15T08:39:08","guid":{"rendered":"http:\/\/www.pannapomodoro.com\/?page_id=8"},"modified":"2023-05-15T13:28:36","modified_gmt":"2023-05-15T13:28:36","slug":"empresa","status":"publish","type":"page","link":"https:\/\/www.pannapomodoro.com\/en\/company\/","title":{"rendered":"Panna&#038;Pomodoro"},"content":{"rendered":"<p><img loading=\"lazy\" class=\"aligncenter wp-image-1126\" src=\"https:\/\/www.pannapomodoro.com\/wp-content\/uploads\/2022\/04\/Mesa-con-pinsas-y-pizza-scaled.jpg\" alt=\"Panna&amp;Pomodoro\" width=\"100%\" height=\"auto\" srcset=\"https:\/\/www.pannapomodoro.com\/wp-content\/uploads\/2022\/04\/Mesa-con-pinsas-y-pizza-scaled.jpg 2560w, https:\/\/www.pannapomodoro.com\/wp-content\/uploads\/2022\/04\/Mesa-con-pinsas-y-pizza-250x167.jpg 250w, https:\/\/www.pannapomodoro.com\/wp-content\/uploads\/2022\/04\/Mesa-con-pinsas-y-pizza-700x467.jpg 700w, https:\/\/www.pannapomodoro.com\/wp-content\/uploads\/2022\/04\/Mesa-con-pinsas-y-pizza-768x513.jpg 768w, https:\/\/www.pannapomodoro.com\/wp-content\/uploads\/2022\/04\/Mesa-con-pinsas-y-pizza-1536x1025.jpg 1536w, https:\/\/www.pannapomodoro.com\/wp-content\/uploads\/2022\/04\/Mesa-con-pinsas-y-pizza-2048x1367.jpg 2048w, https:\/\/www.pannapomodoro.com\/wp-content\/uploads\/2022\/04\/Mesa-con-pinsas-y-pizza-120x80.jpg 120w\" sizes=\"(max-width: 2560px) 100vw, 2560px\" \/><\/p>\n<p><strong>Un peu d&#8217;histoire&#8230;<\/strong><\/p>\n<p><span style=\"font-weight: 400;\">On pourrait dire que Panna &amp;amp\u00a0; Pomodoro a commenc\u00e9 son voyage en 2005 sur l&#8217;\u00eele de Fuerteventura, mais son histoire remonte \u00e0 l&#8217;an 2000, lorsque Andrea Polato, notre g\u00e9rant, \u00e9tait en charge d&#8217;une franchise de base de glaces et de pizzas qui \u00e9tait vendue dans les pizzerias rattach\u00e9es \u00e0 la marque. En 2005, Andrea Polato d\u00e9cide de se sp\u00e9cialiser dans la base de pizza et emporte avec lui le nom de la franchise, qui d\u00e9cide de l&#8217;adopter en raison de la reconnaissance qu&#8217;elle avait d\u00e9j\u00e0, laissant comme fait curieux que la traduction de l&#8217;italien &#8220;Panna&#8221; est cr\u00e8me, se r\u00e9f\u00e9rant \u00e0 la cr\u00e8me glac\u00e9e et &#8220;pomodoro&#8221; signifie tomate, se r\u00e9f\u00e9rant \u00e0 notre sauce tomate pour pizzas. <\/span><\/p>\n<p><span style=\"font-weight: 400;\">Depuis lors, notre usine s&#8217;est d\u00e9velopp\u00e9e gr\u00e2ce \u00e0 l&#8217;accueil chaleureux qu&#8217;elle a re\u00e7u dans toutes les \u00eeles Canaries. Un succ\u00e8s notable qui s&#8217;est d\u00e9velopp\u00e9 en investissant dans une technologie constamment mise \u00e0 jour et en termes de qualit\u00e9 humaine, o\u00f9 vous avez une \u00e9quipe de travailleurs et un autre groupe de personnel indirect qui travaillent pour apporter la pizza dans tous les foyers. <\/span><\/p>\n<p><span style=\"font-weight: 400;\">Nous sommes une base de pizza dont la p\u00e2te contient des ingr\u00e9dients 100% naturels, tout comme la recette de la sauce tomate. Il ne reste plus qu&#8217;\u00e0 ajouter les ingr\u00e9dients que le public aime le plus et ainsi faire votre propre pizza, en ayant confiance que vous avez effectu\u00e9 et contr\u00f4l\u00e9 chaque partie du processus de cuisson.<\/span><\/p>\n<p>Une partie de cette \u00e9volution naturelle nous a conduit \u00e0 la fabrication d&#8217;un autre plat italien typique, <a href=\"https:\/\/www.pannapomodoro.com\/fr\/accueil\/espanol-pinsa-no-es-pizza\/\">La pinsa romana<\/a>. Un produit <span style=\"font-weight: 400;\"> qui se caract\u00e9rise par \u00eatre fabriqu\u00e9 \u00e0 partir de levain avec 48 heures de fermentation. <\/span><span style=\"font-weight: 400;\">La manipulation artisanale et la pr\u00e9-cuisson avec le four en pierre r\u00e9fractaire permettent \u00e0 chaque unit\u00e9 de produit d&#8217;atteindre la caract\u00e9ristique d&#8217;alv\u00e9olisation interne unique pour l&#8217;ar\u00f4me et la texture .&lt; \/span&gt;<\/span><\/p>\n<p><span style=\"font-weight: 400;\">Nous pouvons remercier le public pour la confiance et assurer que depuis notre naissance nous n&#8217;avons cess\u00e9 de travailler pour avoir le plaisir de vous rencontrer. \u00c0 tel point que nous r\u00e9alisons maintenant notre r\u00eave de nous faire conna\u00eetre sur tout le territoire espagnol.<\/span><\/p>\n<p><em><span style=\"font-weight: 400;\">Vous \u00eates ce que vous mangez. Mangez sain, mangez bien. <\/span><\/em><\/p>\n<p><em><span style=\"font-weight: 400;\">Panna &amp;amp\u00a0; Pomodoro, un caprice naturel.<\/span><\/em><\/p>\n<p>Lire <a href=\"https:\/\/www.pannapomodoro.com\/politica-de-calidad-y-seguridad-alimentaria\/\">la Politique de Qualit\u00e9 et Alimentaire S\u00e9curit\u00e9<\/a>.<\/p>\n<p><iframe loading=\"lazy\" src=\"https:\/\/www.youtube.com\/embed\/36FIFPMLNjk\" width=\"100%\" height=\"315\" frameborder=\"0\" allowfullscreen=\"allowfullscreen\"><\/iframe><\/p>\n<p>&nbsp;<\/p>","protected":false},"excerpt":{"rendered":"Un peu d&#8217;histoire&#8230; On pourrait dire que Panna &amp;amp\u00a0; Pomodoro a commenc\u00e9 son voyage en 2005 sur l&#8217;\u00eele de Fuerteventura, mais son histoire remonte \u00e0 l&#8217;an 2000, lorsque Andrea Polato, notre g\u00e9rant, \u00e9tait en charge d&#8217;une franchise de base de glaces et de pizzas qui \u00e9tait vendue dans les pizzerias rattach\u00e9es \u00e0 la marque. En&#8230; <a class=\"view-article\" href=\"https:\/\/www.pannapomodoro.com\/en\/company\/\">View Article<\/a>","protected":false},"author":1,"featured_media":0,"parent":0,"menu_order":0,"comment_status":"closed","ping_status":"closed","template":"empresa.php","meta":[],"wps_subtitle":"Artisan dough for pizzas and pinsas","_links":{"self":[{"href":"https:\/\/www.pannapomodoro.com\/en\/wp-json\/wp\/v2\/pages\/8"}],"collection":[{"href":"https:\/\/www.pannapomodoro.com\/en\/wp-json\/wp\/v2\/pages"}],"about":[{"href":"https:\/\/www.pannapomodoro.com\/en\/wp-json\/wp\/v2\/types\/page"}],"author":[{"embeddable":true,"href":"https:\/\/www.pannapomodoro.com\/en\/wp-json\/wp\/v2\/users\/1"}],"replies":[{"embeddable":true,"href":"https:\/\/www.pannapomodoro.com\/en\/wp-json\/wp\/v2\/comments?post=8"}],"version-history":[{"count":51,"href":"https:\/\/www.pannapomodoro.com\/en\/wp-json\/wp\/v2\/pages\/8\/revisions"}],"predecessor-version":[{"id":1912,"href":"https:\/\/www.pannapomodoro.com\/en\/wp-json\/wp\/v2\/pages\/8\/revisions\/1912"}],"wp:attachment":[{"href":"https:\/\/www.pannapomodoro.com\/en\/wp-json\/wp\/v2\/media?parent=8"}],"curies":[{"name":"wp","href":"https:\/\/api.w.org\/{rel}","templated":true}]}}